{"id":4473,"date":"2025-12-04T16:17:47","date_gmt":"2025-12-04T15:17:47","guid":{"rendered":"https:\/\/boutiquemip.fr\/?post_type=product&#038;p=4473"},"modified":"2026-02-14T10:29:54","modified_gmt":"2026-02-14T09:29:54","slug":"patchouli-1854","status":"publish","type":"product","link":"https:\/\/boutiquemip.fr\/index.php\/produit\/patchouli-1854\/","title":{"rendered":"PATCHOULI   1854  HONORE PAYAN 100 ML"},"content":{"rendered":"\n<p>Le patchouli recette originale de 1854<\/p>\n\n\n\n<p>Notre patchouli le plus concentr\u00e9.<\/p>\n\n\n\n<p>Avec ce patchouli, nous avons d\u00e9cid\u00e9 de revenir \u00e0 la formule originelle cr\u00e9\u00e9e par Mr. Honor\u00e9 Payan, en 1854.<\/p>\n\n\n\n<p>Ce patchouli est vieilli en cuve durant 2 mois. R\u00e9sultat un patchouli o\u00f9 les senteurs sont plus puissants et plus concentr\u00e9s.<\/p>\n\n\n\n<p>Flacon de 100ml \u2013 vendu dans sa boite cellophan\u00e9e.<\/p>\n\n\n\n<p>Maison Honor\u00e9 Payan, fond\u00e9e en 1854 \u00e0 Grasse.<\/p>\n\n\n\n<p>Les parfums de Grasse, inscrit au patrimoine immat\u00e9riel de l\u2019UNESCO.<\/p>\n","protected":false},"excerpt":{"rendered":"<p>Flacon de 100 ml vendu dans sa boite avec sa poire<\/p>\n","protected":false},"featured_media":4474,"comment_status":"open","ping_status":"closed","template":"","meta":[],"product_brand":[],"product_cat":[20],"product_tag":[],"class_list":{"0":"post-4473","1":"product","2":"type-product","3":"status-publish","4":"has-post-thumbnail","6":"product_cat-cosmetique-et-parfums","8":"first","9":"instock","10":"shipping-taxable","11":"purchasable","12":"product-type-simple"},"jetpack_sharing_enabled":true,"_links":{"self":[{"href":"https:\/\/boutiquemip.fr\/index.php\/wp-json\/wp\/v2\/product\/4473","targetHints":{"allow":["GET"]}}],"collection":[{"href":"https:\/\/boutiquemip.fr\/index.php\/wp-json\/wp\/v2\/product"}],"about":[{"href":"https:\/\/boutiquemip.fr\/index.php\/wp-json\/wp\/v2\/types\/product"}],"replies":[{"embeddable":true,"href":"https:\/\/boutiquemip.fr\/index.php\/wp-json\/wp\/v2\/comments?post=4473"}],"wp:featuredmedia":[{"embeddable":true,"href":"https:\/\/boutiquemip.fr\/index.php\/wp-json\/wp\/v2\/media\/4474"}],"wp:attachment":[{"href":"https:\/\/boutiquemip.fr\/index.php\/wp-json\/wp\/v2\/media?parent=4473"}],"wp:term":[{"taxonomy":"product_brand","embeddable":true,"href":"https:\/\/boutiquemip.fr\/index.php\/wp-json\/wp\/v2\/product_brand?post=4473"},{"taxonomy":"product_cat","embeddable":true,"href":"https:\/\/boutiquemip.fr\/index.php\/wp-json\/wp\/v2\/product_cat?post=4473"},{"taxonomy":"product_tag","embeddable":true,"href":"https:\/\/boutiquemip.fr\/index.php\/wp-json\/wp\/v2\/product_tag?post=4473"}],"curies":[{"name":"wp","href":"https:\/\/api.w.org\/{rel}","templated":true}]}}