{"id":4462,"date":"2025-12-04T15:48:50","date_gmt":"2025-12-04T14:48:50","guid":{"rendered":"https:\/\/boutiquemip.fr\/?post_type=product&#038;p=4462"},"modified":"2026-04-11T12:36:58","modified_gmt":"2026-04-11T10:36:58","slug":"catalogue-bains-bulles-beautes","status":"publish","type":"product","link":"https:\/\/boutiquemip.fr\/index.php\/produit\/catalogue-bains-bulles-beautes\/","title":{"rendered":"CATALOGUE BAINS, BULLES &amp; BEAUTES"},"content":{"rendered":"\n<p id=\"u34714-4\">Une histoire de la toilette et du savon, du XVIII\u1d49 au XIX\u1d49 si\u00e8cle<\/p>\n\n\n\n<p id=\"u34714-7\">\u00a0Qu\u2019est-ce que la toilette\u2009? Se laver\u2009: pourquoi, pour quoi, comment, o\u00f9\u2009? Qu\u2019est-ce que le savon\u2009? Autant de questions qui r\u00e9v\u00e8lent, selon l\u2019angle d\u2019approche, des pratiques culturelles, rituelles et soci\u00e9tales et le point crucial qu\u2019est l\u2019acc\u00e8s \u00e0 l\u2019eau, l\u2019usage qui en est fait. Se laver est un acte vital, mais aussi un acte de confort et de plaisir.<\/p>\n\n\n\n<p id=\"u34714-11\">Cet ouvrage est publi\u00e9 \u00e0 l\u2019occasion de l\u2019exposition que le Mus\u00e9e International de la Parfumerie de Grasse consacre aux pratiques du bain et de la toilette en Occident du XVIIIe si\u00e8cle jusqu\u2019\u00e0 nos jours.<\/p>\n\n\n\n<p id=\"u34714-13\">Il \u00e9tudie la toilette et le bain, compris ici dans son sens hygi\u00e9niste dans la civilisation occidentale, du retour des ablutions apr\u00e8s deux si\u00e8cles de toilette s\u00e8che \u00e0 la d\u00e9mocratisation de la salle de bain. En tant qu\u2019ambassadeur de la propret\u00e9, le savon fait le lien entre les diff\u00e9rentes th\u00e9matiques abord\u00e9es.<\/p>\n\n\n\n<p id=\"u34714-15\">L\u2019ouvrage est richement illustr\u00e9 par la collection d\u2019objets du XVIIIe si\u00e8cle au XXie si\u00e8cle du Mus\u00e9e International de la Parfumerie concernant cette th\u00e9matique et qui n\u2019a jusqu\u2019alors jamais \u00e9t\u00e9 pr\u00e9sent\u00e9e dans son ensemble\u2009: affiches de grands illustrateurs de la fin du XIXe\u2009 si\u00e8cle comme Leonetto Cappielo, Georges Lepape, Henri Gray, Gerda Wegener, Raymond Savignac, Emilio Vila\u2009; bo\u00eetes \u00e0 savon reprenant les codes esth\u00e9tiques de la Belle \u00e9poque et des Ann\u00e9es folles (Art nouveau, Art D\u00e9co, Orientalisme\u2026)\u2009; savons et moules \u00e0 savons\u2009; diff\u00e9rents mod\u00e8les de mobiliers de toilettes (baignoires, tubs, bidets\u2026) et ustensiles (garniture de toilette en galuchat et cristal, rasoirs\u2026)<\/p>\n\n\n\n<p id=\"u34714-17\">En m\u00ealant approche sociologique et repr\u00e9sentation artistique, l\u2019univers du bain est restitu\u00e9 au travers d\u2019objets de toilette en regard d\u2019\u0153uvres picturales, de publicit\u00e9s, de documents historiques. L\u2019\u00e9volution des produits, des lieux, des m\u0153urs est au c\u0153ur du propos et permet de s\u2019interroger sur son quotidien et sur son \u00e9poque.<\/p>\n\n\n\n<p id=\"u34714-18\">&nbsp;<\/p>\n\n\n\n<p><\/p>\n\n\n\n<p id=\"u34714-26\"><\/p>\n\n\n\n<p><\/p>\n","protected":false},"excerpt":{"rendered":"<p><!-- wp:paragraph --><\/p>\n<p>978-2-35340-188- Format\u2009: 22 x 27 cm \u00e0 la fran\u00e7aise<\/p>\n<p><!-- \/wp:paragraph --><\/p>\n<p><!-- wp:paragraph --><\/p>\n<p id=\"u34714-24\">Nombre de pages\u2009: 128<\/p>\n<p><!-- \/wp:paragraph --><\/p>\n<p><!-- wp:paragraph --><\/p>\n<p id=\"u34714-26\">Nombre d\u2019illustrations\u2009: 110<\/p>\n<p><!-- \/wp:paragraph --><\/p>\n<p><!-- wp:paragraph --><\/p>\n<p id=\"u34714-28\">Ouvrage broch\u00e9<\/p>\n<p><!-- \/wp:paragraph --><\/p>\n<p><!-- wp:paragraph --><\/p>\n<p id=\"u34714-30\">Imprim\u00e9 sur papier couch\u00e9 mat 150 g<\/p>\n<p><!-- \/wp:paragraph --><\/p>\n<p><!-- wp:paragraph --><\/p>\n<p>&nbsp;<\/p>\n<p><!-- \/wp:paragraph --><\/p>\n","protected":false},"featured_media":4463,"comment_status":"open","ping_status":"closed","template":"","meta":[],"product_brand":[],"product_cat":[22],"product_tag":[],"class_list":{"0":"post-4462","1":"product","2":"type-product","3":"status-publish","4":"has-post-thumbnail","6":"product_cat-librairie","8":"first","9":"instock","10":"sale","11":"shipping-taxable","12":"purchasable","13":"product-type-simple"},"jetpack_sharing_enabled":true,"_links":{"self":[{"href":"https:\/\/boutiquemip.fr\/index.php\/wp-json\/wp\/v2\/product\/4462","targetHints":{"allow":["GET"]}}],"collection":[{"href":"https:\/\/boutiquemip.fr\/index.php\/wp-json\/wp\/v2\/product"}],"about":[{"href":"https:\/\/boutiquemip.fr\/index.php\/wp-json\/wp\/v2\/types\/product"}],"replies":[{"embeddable":true,"href":"https:\/\/boutiquemip.fr\/index.php\/wp-json\/wp\/v2\/comments?post=4462"}],"wp:featuredmedia":[{"embeddable":true,"href":"https:\/\/boutiquemip.fr\/index.php\/wp-json\/wp\/v2\/media\/4463"}],"wp:attachment":[{"href":"https:\/\/boutiquemip.fr\/index.php\/wp-json\/wp\/v2\/media?parent=4462"}],"wp:term":[{"taxonomy":"product_brand","embeddable":true,"href":"https:\/\/boutiquemip.fr\/index.php\/wp-json\/wp\/v2\/product_brand?post=4462"},{"taxonomy":"product_cat","embeddable":true,"href":"https:\/\/boutiquemip.fr\/index.php\/wp-json\/wp\/v2\/product_cat?post=4462"},{"taxonomy":"product_tag","embeddable":true,"href":"https:\/\/boutiquemip.fr\/index.php\/wp-json\/wp\/v2\/product_tag?post=4462"}],"curies":[{"name":"wp","href":"https:\/\/api.w.org\/{rel}","templated":true}]}}