{"id":4309,"date":"2025-08-31T15:48:51","date_gmt":"2025-08-31T13:48:51","guid":{"rendered":"https:\/\/boutiquemip.fr\/?post_type=product&#038;p=4309"},"modified":"2025-08-31T15:49:20","modified_gmt":"2025-08-31T13:49:20","slug":"carnet-a6-lhabit-de-parfumeur","status":"publish","type":"product","link":"https:\/\/boutiquemip.fr\/index.php\/produit\/carnet-a6-lhabit-de-parfumeur\/","title":{"rendered":"CARNET A6 \u00ab\u00a0L&rsquo;habit de Parfumeur\u00a0\u00bb"},"content":{"rendered":"","protected":false},"excerpt":{"rendered":"<p>CARNET A6 LIGNE<\/p>\n<p>Gravure au burin d&rsquo;apr\u00e8s Nicolas II de Larmessin, fin du XVII\u00e8 Si\u00e8cle &#8211; Collection du mus\u00e9e international de la Parfumerie &#8211; Grasse<\/p>\n<p>&nbsp;<\/p>\n","protected":false},"featured_media":4310,"comment_status":"open","ping_status":"closed","template":"","meta":[],"product_brand":[],"product_cat":[24],"product_tag":[],"class_list":{"0":"post-4309","1":"product","2":"type-product","3":"status-publish","4":"has-post-thumbnail","6":"product_cat-papeterie-carterie-affiches","8":"first","9":"instock","10":"shipping-taxable","11":"purchasable","12":"product-type-simple"},"jetpack_sharing_enabled":true,"_links":{"self":[{"href":"https:\/\/boutiquemip.fr\/index.php\/wp-json\/wp\/v2\/product\/4309","targetHints":{"allow":["GET"]}}],"collection":[{"href":"https:\/\/boutiquemip.fr\/index.php\/wp-json\/wp\/v2\/product"}],"about":[{"href":"https:\/\/boutiquemip.fr\/index.php\/wp-json\/wp\/v2\/types\/product"}],"replies":[{"embeddable":true,"href":"https:\/\/boutiquemip.fr\/index.php\/wp-json\/wp\/v2\/comments?post=4309"}],"wp:featuredmedia":[{"embeddable":true,"href":"https:\/\/boutiquemip.fr\/index.php\/wp-json\/wp\/v2\/media\/4310"}],"wp:attachment":[{"href":"https:\/\/boutiquemip.fr\/index.php\/wp-json\/wp\/v2\/media?parent=4309"}],"wp:term":[{"taxonomy":"product_brand","embeddable":true,"href":"https:\/\/boutiquemip.fr\/index.php\/wp-json\/wp\/v2\/product_brand?post=4309"},{"taxonomy":"product_cat","embeddable":true,"href":"https:\/\/boutiquemip.fr\/index.php\/wp-json\/wp\/v2\/product_cat?post=4309"},{"taxonomy":"product_tag","embeddable":true,"href":"https:\/\/boutiquemip.fr\/index.php\/wp-json\/wp\/v2\/product_tag?post=4309"}],"curies":[{"name":"wp","href":"https:\/\/api.w.org\/{rel}","templated":true}]}}