{"id":4272,"date":"2025-08-31T13:03:12","date_gmt":"2025-08-31T11:03:12","guid":{"rendered":"https:\/\/boutiquemip.fr\/?post_type=product&#038;p=4272"},"modified":"2026-04-11T12:37:55","modified_gmt":"2026-04-11T10:37:55","slug":"eau-de-cologne-farina-30-ml","status":"publish","type":"product","link":"https:\/\/boutiquemip.fr\/index.php\/produit\/eau-de-cologne-farina-30-ml\/","title":{"rendered":"EAU DE COLOGNE FARINA 30 ML"},"content":{"rendered":"\n<p>Fra\u00eeche bergamote, l\u00e9g\u00e8ret\u00e9 florale et douce chaleur &#8211; l&rsquo;Eau de Cologne Originale est un parfum intemporel avec une histoire. Johann Maria Farina l&rsquo;a cr\u00e9\u00e9 en 1709 \u00e0 Cologne et a ainsi fond\u00e9 la parfumerie moderne. La composition allie des notes d&rsquo;agrumes p\u00e9tillantes \u00e0 de fines fleurs et une base discr\u00e8te de musc et d&rsquo;ambre. <\/p>\n\n\n\n<p><\/p>\n","protected":false},"excerpt":{"rendered":"<p>Fra\u00eeche bergamote, l\u00e9g\u00e8ret\u00e9 florale et douce chaleur &#8211; l&rsquo;Eau de Cologne Originale est un parfum intemporel avec une histoire. Johann Maria Farina l&rsquo;a cr\u00e9\u00e9 en 1709 \u00e0 Cologne et a ainsi fond\u00e9 la parfumerie moderne. La composition allie des notes d&rsquo;agrumes p\u00e9tillantes \u00e0 de fines fleurs et une base discr\u00e8te de musc et d&rsquo;ambre.<\/p>\n","protected":false},"featured_media":4273,"comment_status":"open","ping_status":"closed","template":"","meta":[],"product_brand":[],"product_cat":[20],"product_tag":[],"class_list":{"0":"post-4272","1":"product","2":"type-product","3":"status-publish","4":"has-post-thumbnail","6":"product_cat-cosmetique-et-parfums","8":"first","9":"outofstock","10":"shipping-taxable","11":"purchasable","12":"product-type-simple"},"jetpack_sharing_enabled":true,"_links":{"self":[{"href":"https:\/\/boutiquemip.fr\/index.php\/wp-json\/wp\/v2\/product\/4272","targetHints":{"allow":["GET"]}}],"collection":[{"href":"https:\/\/boutiquemip.fr\/index.php\/wp-json\/wp\/v2\/product"}],"about":[{"href":"https:\/\/boutiquemip.fr\/index.php\/wp-json\/wp\/v2\/types\/product"}],"replies":[{"embeddable":true,"href":"https:\/\/boutiquemip.fr\/index.php\/wp-json\/wp\/v2\/comments?post=4272"}],"wp:featuredmedia":[{"embeddable":true,"href":"https:\/\/boutiquemip.fr\/index.php\/wp-json\/wp\/v2\/media\/4273"}],"wp:attachment":[{"href":"https:\/\/boutiquemip.fr\/index.php\/wp-json\/wp\/v2\/media?parent=4272"}],"wp:term":[{"taxonomy":"product_brand","embeddable":true,"href":"https:\/\/boutiquemip.fr\/index.php\/wp-json\/wp\/v2\/product_brand?post=4272"},{"taxonomy":"product_cat","embeddable":true,"href":"https:\/\/boutiquemip.fr\/index.php\/wp-json\/wp\/v2\/product_cat?post=4272"},{"taxonomy":"product_tag","embeddable":true,"href":"https:\/\/boutiquemip.fr\/index.php\/wp-json\/wp\/v2\/product_tag?post=4272"}],"curies":[{"name":"wp","href":"https:\/\/api.w.org\/{rel}","templated":true}]}}