{"id":4268,"date":"2025-08-31T12:53:32","date_gmt":"2025-08-31T10:53:32","guid":{"rendered":"https:\/\/boutiquemip.fr\/?post_type=product&#038;p=4268"},"modified":"2026-01-16T11:14:10","modified_gmt":"2026-01-16T10:14:10","slug":"eau-de-cologne-farina-125-ml","status":"publish","type":"product","link":"https:\/\/boutiquemip.fr\/index.php\/produit\/eau-de-cologne-farina-125-ml\/","title":{"rendered":"EAU DE COLOGNE FARINA 125 ML"},"content":{"rendered":"\n<p>Bergamote fra\u00eeche, l\u00e9g\u00e8ret\u00e9 florale et chaleur douce &#8211; l&rsquo;Eau de Cologne Originale est un parfum intemporel avec une histoire. Johann Maria Farina l&rsquo;a cr\u00e9\u00e9 en 1709 \u00e0 Cologne et a ainsi fond\u00e9 la parfumerie moderne. La composition allie des notes d&rsquo;agrumes p\u00e9tillantes \u00e0 de fines fleurs et une base discr\u00e8te de musc et d&rsquo;ambre. <\/p>\n","protected":false},"excerpt":{"rendered":"<p>NOTE DE TETE : Bergamote, Citron, Orange Am\u00e8re, Citron Vert NOTE DE COEUR : Jasmin, Neroli NOTE DE FOND : Ambre, Musc<\/p>\n","protected":false},"featured_media":4269,"comment_status":"open","ping_status":"closed","template":"","meta":[],"product_brand":[],"product_cat":[16],"product_tag":[],"class_list":{"0":"post-4268","1":"product","2":"type-product","3":"status-publish","4":"has-post-thumbnail","6":"product_cat-non-classe","8":"first","9":"outofstock","10":"shipping-taxable","11":"purchasable","12":"product-type-simple"},"jetpack_sharing_enabled":true,"_links":{"self":[{"href":"https:\/\/boutiquemip.fr\/index.php\/wp-json\/wp\/v2\/product\/4268","targetHints":{"allow":["GET"]}}],"collection":[{"href":"https:\/\/boutiquemip.fr\/index.php\/wp-json\/wp\/v2\/product"}],"about":[{"href":"https:\/\/boutiquemip.fr\/index.php\/wp-json\/wp\/v2\/types\/product"}],"replies":[{"embeddable":true,"href":"https:\/\/boutiquemip.fr\/index.php\/wp-json\/wp\/v2\/comments?post=4268"}],"wp:featuredmedia":[{"embeddable":true,"href":"https:\/\/boutiquemip.fr\/index.php\/wp-json\/wp\/v2\/media\/4269"}],"wp:attachment":[{"href":"https:\/\/boutiquemip.fr\/index.php\/wp-json\/wp\/v2\/media?parent=4268"}],"wp:term":[{"taxonomy":"product_brand","embeddable":true,"href":"https:\/\/boutiquemip.fr\/index.php\/wp-json\/wp\/v2\/product_brand?post=4268"},{"taxonomy":"product_cat","embeddable":true,"href":"https:\/\/boutiquemip.fr\/index.php\/wp-json\/wp\/v2\/product_cat?post=4268"},{"taxonomy":"product_tag","embeddable":true,"href":"https:\/\/boutiquemip.fr\/index.php\/wp-json\/wp\/v2\/product_tag?post=4268"}],"curies":[{"name":"wp","href":"https:\/\/api.w.org\/{rel}","templated":true}]}}