{"id":3691,"date":"2025-04-18T12:47:01","date_gmt":"2025-04-18T10:47:01","guid":{"rendered":"https:\/\/boutiquemip.fr\/?post_type=product&#038;p=3691"},"modified":"2025-04-18T12:48:40","modified_gmt":"2025-04-18T10:48:40","slug":"bon-cadeau-ateliers-dinitiation-a-la-parfumerie","status":"publish","type":"product","link":"https:\/\/boutiquemip.fr\/index.php\/produit\/bon-cadeau-ateliers-dinitiation-a-la-parfumerie\/","title":{"rendered":"BON CADEAU &#8211; ATELIERS D&rsquo;INITIATION A LA PARFUMERIE"},"content":{"rendered":"\n<p>Condition :  Les bons cadeaux sont valables 1 an \u00e0 compter de leur date d&rsquo;achat ; la date d&rsquo;expiration est indiqu\u00e9e sur les bons cadeaux. Pass\u00e9e la date de validit\u00e9, les bons cadeaux ne peuvent plus \u00eatre utilis\u00e9s.<\/p>\n\n\n\n<ul class=\"wp-block-list\">\n<li>R\u00e9servation dans la limite des places disponibles : 1 samedi\/mois de 14h30 &#8211; 16h30. Contacter par t\u00e9l\u00e9phone le 04.97.05.58.14 ou sur notre site internet museesdegrasse.com pour connaitre les prochains rendez-vous.<\/li>\n\n\n\n<li>R\u00e9servation obligatoire par t\u00e9l\u00e9phone au 04.97.05.58.14 ou par mail \u00e0 activites.musees@paysdegrasse.fr.<\/li>\n\n\n\n<li>Chaque bon cadeau porte un r\u00e9f\u00e9rence, lequel doit \u00eatre annonc\u00e9 lors de la r\u00e9servation.<\/li>\n\n\n\n<li>les bons cadeaux sont nominatifs.<\/li>\n\n\n\n<li>Les bons cadeaux sont <strong>non remboursables<\/strong><\/li>\n\n\n\n<li>En cas d&rsquo;impr\u00e9vu, le b\u00e9n\u00e9ficiaire a la possibilit\u00e9 de modifier une fois la date de l&rsquo;atelier, et ce avant la date d&rsquo;expiration de bon cadeau<\/li>\n\n\n\n<li>Les bons cadeaux perdus, vol\u00e9s ou falsifi\u00e9s ne peuvent donner lieu <strong>ni \u00e0 un \u00e9change, ni \u00e0 un remboursement.<\/strong><\/li>\n\n\n\n<li>L&rsquo;utilisation du bon cadeau par son b\u00e9n\u00e9ficiaire est soumise \u00e0 la pr\u00e9sentation du Bon cadeau re\u00e7u par vois postale ou retir\u00e9 sur place.<\/li>\n\n\n\n<li>Les ateliers portent sur : les agrumes en parfumerie, N\u00e9o-cologne, Parfum de gourmandise, La note florale, Parfum ambr\u00e9, La note bois\u00e9e, Les foug\u00e8res, Les chypr\u00e9s.<\/li>\n<\/ul>\n\n\n\n<p><\/p>\n","protected":false},"excerpt":{"rendered":"<p>Atelier : Ado \u00e0 partir de 15 ans \/ adultes <strong>Les tarifs<\/strong> sont de <strong>38 \u20ac<\/strong> par adultes et <strong>19 \u20ac<\/strong> par enfant(15\/17) + frais d&rsquo;envoi <strong><em>Dur\u00e9e :<\/em><\/strong> Visite et atelier 2h00. De <strong>14h30<\/strong> \u00e0 <strong>16h30\u00a0<\/strong> Adresse : Mus\u00e9e International de la Parfumerie &#8211; 2 Bd du Jeu de Ballon &#8211; 06130 Grasse \u00a0<\/p>\n","protected":false},"featured_media":3692,"comment_status":"open","ping_status":"closed","template":"","meta":[],"product_brand":[],"product_cat":[16],"product_tag":[],"class_list":{"0":"post-3691","1":"product","2":"type-product","3":"status-publish","4":"has-post-thumbnail","6":"product_cat-non-classe","8":"first","9":"instock","10":"shipping-taxable","11":"purchasable","12":"product-type-variable"},"jetpack_sharing_enabled":true,"_links":{"self":[{"href":"https:\/\/boutiquemip.fr\/index.php\/wp-json\/wp\/v2\/product\/3691","targetHints":{"allow":["GET"]}}],"collection":[{"href":"https:\/\/boutiquemip.fr\/index.php\/wp-json\/wp\/v2\/product"}],"about":[{"href":"https:\/\/boutiquemip.fr\/index.php\/wp-json\/wp\/v2\/types\/product"}],"replies":[{"embeddable":true,"href":"https:\/\/boutiquemip.fr\/index.php\/wp-json\/wp\/v2\/comments?post=3691"}],"wp:featuredmedia":[{"embeddable":true,"href":"https:\/\/boutiquemip.fr\/index.php\/wp-json\/wp\/v2\/media\/3692"}],"wp:attachment":[{"href":"https:\/\/boutiquemip.fr\/index.php\/wp-json\/wp\/v2\/media?parent=3691"}],"wp:term":[{"taxonomy":"product_brand","embeddable":true,"href":"https:\/\/boutiquemip.fr\/index.php\/wp-json\/wp\/v2\/product_brand?post=3691"},{"taxonomy":"product_cat","embeddable":true,"href":"https:\/\/boutiquemip.fr\/index.php\/wp-json\/wp\/v2\/product_cat?post=3691"},{"taxonomy":"product_tag","embeddable":true,"href":"https:\/\/boutiquemip.fr\/index.php\/wp-json\/wp\/v2\/product_tag?post=3691"}],"curies":[{"name":"wp","href":"https:\/\/api.w.org\/{rel}","templated":true}]}}