{"id":3380,"date":"2024-12-03T11:13:44","date_gmt":"2024-12-03T10:13:44","guid":{"rendered":"https:\/\/boutiquemip.fr\/?post_type=product&#038;p=3380"},"modified":"2025-12-07T11:45:15","modified_gmt":"2025-12-07T10:45:15","slug":"eau-de-parfum-oriza-legrand-100-mlgentry-jockey-club","status":"publish","type":"product","link":"https:\/\/boutiquemip.fr\/index.php\/produit\/eau-de-parfum-oriza-legrand-100-mlgentry-jockey-club\/","title":{"rendered":"EAU DE PARFUM ORIZA LEGRAND 100 ML GENTRY JOCKEY CLUB"},"content":{"rendered":"\n<p>Jour de f\u00eate \u00e0 l\u2019hippodrome : rubans et chapeaux au vent, les \u00e9l\u00e9gants poursuivent du regard le cheval fougueux, celui qui les m\u00e8nera \u00e0 la victoire\u2026<\/p>\n\n\n\n<p>L\u2019air embaume le cuir des chevaux foulant le sable chaud et les effluves de tabacs blonds.<\/p>\n\n\n\n<p>Gentry Jockey Club, le parfum de victoire\u2026<\/p>\n\n\n\n<p><\/p>\n","protected":false},"excerpt":{"rendered":"<p>Cuir bois\u00e9 et Santal Jockey Club, le parfum de victoire\u2026 Taille : 100 ml Notes de t\u00eate Ylang &amp; Safran. Notes de coeur Iris Pallida, Notes cuir\u00e9es &amp; Essence de bouleau. Notes de fond Santal, F\u00e8ve tonka &amp; V\u00e9tiver.<\/p>\n","protected":false},"featured_media":3381,"comment_status":"open","ping_status":"closed","template":"","meta":[],"product_brand":[],"product_cat":[20],"product_tag":[],"class_list":{"0":"post-3380","1":"product","2":"type-product","3":"status-publish","4":"has-post-thumbnail","6":"product_cat-cosmetique-et-parfums","8":"first","9":"outofstock","10":"shipping-taxable","11":"purchasable","12":"product-type-simple"},"jetpack_sharing_enabled":true,"_links":{"self":[{"href":"https:\/\/boutiquemip.fr\/index.php\/wp-json\/wp\/v2\/product\/3380","targetHints":{"allow":["GET"]}}],"collection":[{"href":"https:\/\/boutiquemip.fr\/index.php\/wp-json\/wp\/v2\/product"}],"about":[{"href":"https:\/\/boutiquemip.fr\/index.php\/wp-json\/wp\/v2\/types\/product"}],"replies":[{"embeddable":true,"href":"https:\/\/boutiquemip.fr\/index.php\/wp-json\/wp\/v2\/comments?post=3380"}],"wp:featuredmedia":[{"embeddable":true,"href":"https:\/\/boutiquemip.fr\/index.php\/wp-json\/wp\/v2\/media\/3381"}],"wp:attachment":[{"href":"https:\/\/boutiquemip.fr\/index.php\/wp-json\/wp\/v2\/media?parent=3380"}],"wp:term":[{"taxonomy":"product_brand","embeddable":true,"href":"https:\/\/boutiquemip.fr\/index.php\/wp-json\/wp\/v2\/product_brand?post=3380"},{"taxonomy":"product_cat","embeddable":true,"href":"https:\/\/boutiquemip.fr\/index.php\/wp-json\/wp\/v2\/product_cat?post=3380"},{"taxonomy":"product_tag","embeddable":true,"href":"https:\/\/boutiquemip.fr\/index.php\/wp-json\/wp\/v2\/product_tag?post=3380"}],"curies":[{"name":"wp","href":"https:\/\/api.w.org\/{rel}","templated":true}]}}