{"id":3379,"date":"2024-12-03T11:05:16","date_gmt":"2024-12-03T10:05:16","guid":{"rendered":"https:\/\/boutiquemip.fr\/?post_type=product&#038;p=3379"},"modified":"2025-04-18T11:04:39","modified_gmt":"2025-04-18T09:04:39","slug":"savon-oriza-legrand-muguet","status":"publish","type":"product","link":"https:\/\/boutiquemip.fr\/index.php\/produit\/savon-oriza-legrand-muguet\/","title":{"rendered":"SAVON ORIZA LEGRAND MUGUET"},"content":{"rendered":"\n<p>Sodium olivate, sodium cocoate, aqua (water), parfum (fragrance), butyrospermum parkii (shea) butter*, glycerin, sodium chloride, tetrasodium glutamate diacetate, amyl cinnamal, citronellol, geraniol, linalool<\/p>\n\n\n\n<p><\/p>\n","protected":false},"excerpt":{"rendered":"<p>Savon v\u00e9g\u00e9tal, 125 grammes, fabriqu\u00e9 \u00e0 Marseille.<\/p>\n","protected":false},"featured_media":3378,"comment_status":"open","ping_status":"closed","template":"","meta":[],"product_brand":[],"product_cat":[20],"product_tag":[],"class_list":{"0":"post-3379","1":"product","2":"type-product","3":"status-publish","4":"has-post-thumbnail","6":"product_cat-cosmetique-et-parfums","8":"first","9":"outofstock","10":"shipping-taxable","11":"purchasable","12":"product-type-simple"},"jetpack_sharing_enabled":true,"_links":{"self":[{"href":"https:\/\/boutiquemip.fr\/index.php\/wp-json\/wp\/v2\/product\/3379","targetHints":{"allow":["GET"]}}],"collection":[{"href":"https:\/\/boutiquemip.fr\/index.php\/wp-json\/wp\/v2\/product"}],"about":[{"href":"https:\/\/boutiquemip.fr\/index.php\/wp-json\/wp\/v2\/types\/product"}],"replies":[{"embeddable":true,"href":"https:\/\/boutiquemip.fr\/index.php\/wp-json\/wp\/v2\/comments?post=3379"}],"wp:featuredmedia":[{"embeddable":true,"href":"https:\/\/boutiquemip.fr\/index.php\/wp-json\/wp\/v2\/media\/3378"}],"wp:attachment":[{"href":"https:\/\/boutiquemip.fr\/index.php\/wp-json\/wp\/v2\/media?parent=3379"}],"wp:term":[{"taxonomy":"product_brand","embeddable":true,"href":"https:\/\/boutiquemip.fr\/index.php\/wp-json\/wp\/v2\/product_brand?post=3379"},{"taxonomy":"product_cat","embeddable":true,"href":"https:\/\/boutiquemip.fr\/index.php\/wp-json\/wp\/v2\/product_cat?post=3379"},{"taxonomy":"product_tag","embeddable":true,"href":"https:\/\/boutiquemip.fr\/index.php\/wp-json\/wp\/v2\/product_tag?post=3379"}],"curies":[{"name":"wp","href":"https:\/\/api.w.org\/{rel}","templated":true}]}}