{"id":3168,"date":"2024-11-08T12:46:40","date_gmt":"2024-11-08T11:46:40","guid":{"rendered":"https:\/\/boutiquemip.fr\/?post_type=product&#038;p=3168"},"modified":"2026-04-11T12:58:21","modified_gmt":"2026-04-11T10:58:21","slug":"eau-de-parfum-lessence-des-notes-2","status":"publish","type":"product","link":"https:\/\/boutiquemip.fr\/index.php\/produit\/eau-de-parfum-lessence-des-notes-2\/","title":{"rendered":"EAU DE PARFUM L&rsquo;ESSENCE DES NOTES \u00ab\u00a0CORIANDRE &#8211; BOIS DE CEDRE\u00a0\u00bb 30 ML"},"content":{"rendered":"\n<p>PYRAMIDE OLFACTIVE<\/p>\n\n\n\n<p>&#8211; Famille : Bois\u00e9e<br>&#8211; Notes de t\u00eate \/&nbsp;<strong>la premi\u00e8re rencontre<\/strong>&nbsp;: Coriandre, Cassis, P\u00eache,<br>&#8211; Notes de c\u0153ur \/&nbsp;<strong>le moment pr\u00e9sent<\/strong>&nbsp;: Noix de muscade, Clou de Girofle, Patchouli,<br>&#8211; Notes de fond \/&nbsp;<strong>le fid\u00e8le souvenir<\/strong>&nbsp;: Santal, Miel, Vanille.<\/p>\n\n\n\n<p><\/p>\n","protected":false},"excerpt":{"rendered":"<p>Accord \u00e9l\u00e9gant et naturel des notes orientales l\u00e9g\u00e8res de la Coriandre et du bois de C\u00e8dre de l&rsquo;Atlas. Assemblage de 4 huiles essentielles aux propri\u00e9t\u00e9s calmantes, tonifiantes, stimulantes et relaxantes. Eau de parfum artisanale 100% confectionn\u00e9e \u00e0 Grasse.<\/p>\n","protected":false},"featured_media":3169,"comment_status":"open","ping_status":"closed","template":"","meta":[],"product_brand":[],"product_cat":[20],"product_tag":[],"class_list":{"0":"post-3168","1":"product","2":"type-product","3":"status-publish","4":"has-post-thumbnail","6":"product_cat-cosmetique-et-parfums","8":"first","9":"outofstock","10":"shipping-taxable","11":"purchasable","12":"product-type-simple"},"jetpack_sharing_enabled":true,"_links":{"self":[{"href":"https:\/\/boutiquemip.fr\/index.php\/wp-json\/wp\/v2\/product\/3168","targetHints":{"allow":["GET"]}}],"collection":[{"href":"https:\/\/boutiquemip.fr\/index.php\/wp-json\/wp\/v2\/product"}],"about":[{"href":"https:\/\/boutiquemip.fr\/index.php\/wp-json\/wp\/v2\/types\/product"}],"replies":[{"embeddable":true,"href":"https:\/\/boutiquemip.fr\/index.php\/wp-json\/wp\/v2\/comments?post=3168"}],"wp:featuredmedia":[{"embeddable":true,"href":"https:\/\/boutiquemip.fr\/index.php\/wp-json\/wp\/v2\/media\/3169"}],"wp:attachment":[{"href":"https:\/\/boutiquemip.fr\/index.php\/wp-json\/wp\/v2\/media?parent=3168"}],"wp:term":[{"taxonomy":"product_brand","embeddable":true,"href":"https:\/\/boutiquemip.fr\/index.php\/wp-json\/wp\/v2\/product_brand?post=3168"},{"taxonomy":"product_cat","embeddable":true,"href":"https:\/\/boutiquemip.fr\/index.php\/wp-json\/wp\/v2\/product_cat?post=3168"},{"taxonomy":"product_tag","embeddable":true,"href":"https:\/\/boutiquemip.fr\/index.php\/wp-json\/wp\/v2\/product_tag?post=3168"}],"curies":[{"name":"wp","href":"https:\/\/api.w.org\/{rel}","templated":true}]}}