{"id":3165,"date":"2024-11-08T12:34:06","date_gmt":"2024-11-08T11:34:06","guid":{"rendered":"https:\/\/boutiquemip.fr\/?post_type=product&#038;p=3165"},"modified":"2026-02-14T10:38:19","modified_gmt":"2026-02-14T09:38:19","slug":"eau-de-parfum-lessence-des-notes","status":"publish","type":"product","link":"https:\/\/boutiquemip.fr\/index.php\/produit\/eau-de-parfum-lessence-des-notes\/","title":{"rendered":"EAU DE PARFUM L&rsquo;ESSENCE DES NOTES \u00ab\u00a0FLEUR DE CERISIER &#8211; SANTAL\u00a0\u00bb 30 ML"},"content":{"rendered":"\n<p><strong>PYRAMIDE OLFACTIVE<\/strong><\/p>\n\n\n\n<p>&#8211; Famille : Floral, ros\u00e9, \u00e9pic\u00e9, poudr\u00e9,<br>&#8211; Notes de t\u00eate \/\u00a0<strong>la premi\u00e8re rencontre<\/strong>\u00a0: Poivre noir, Santal, fleur de Cerisier, Feuille de  Rhubarbe,<br>&#8211; Notes de c\u0153ur \/\u00a0<strong>le moment pr\u00e9sent<\/strong>\u00a0: Rose, Cyclamen, Beurre d\u2019Iris Ylang-Ylang,<br>&#8211; Notes de fond \/\u00a0<strong>le fid\u00e8le souvenir<\/strong>\u00a0: C\u00e8dre, Santal, Musc Blanc, Bois de Cachemire.<\/p>\n\n\n\n<p><\/p>\n","protected":false},"excerpt":{"rendered":"<p>Mariage envoutant de Fleur de Cerisier &amp; Santal renforc\u00e9 par l\u2019Iris et L\u2019Ylang-Ylang Assemblage de 4 huiles essentielles aux propri\u00e9t\u00e9s dynamisantes et relaxantes. Eau de parfum artisanale 100% confectionn\u00e9e \u00e0 Grasse.<\/p>\n","protected":false},"featured_media":3166,"comment_status":"open","ping_status":"closed","template":"","meta":[],"product_brand":[],"product_cat":[20],"product_tag":[],"class_list":{"0":"post-3165","1":"product","2":"type-product","3":"status-publish","4":"has-post-thumbnail","6":"product_cat-cosmetique-et-parfums","8":"first","9":"instock","10":"shipping-taxable","11":"purchasable","12":"product-type-simple"},"jetpack_sharing_enabled":true,"_links":{"self":[{"href":"https:\/\/boutiquemip.fr\/index.php\/wp-json\/wp\/v2\/product\/3165","targetHints":{"allow":["GET"]}}],"collection":[{"href":"https:\/\/boutiquemip.fr\/index.php\/wp-json\/wp\/v2\/product"}],"about":[{"href":"https:\/\/boutiquemip.fr\/index.php\/wp-json\/wp\/v2\/types\/product"}],"replies":[{"embeddable":true,"href":"https:\/\/boutiquemip.fr\/index.php\/wp-json\/wp\/v2\/comments?post=3165"}],"wp:featuredmedia":[{"embeddable":true,"href":"https:\/\/boutiquemip.fr\/index.php\/wp-json\/wp\/v2\/media\/3166"}],"wp:attachment":[{"href":"https:\/\/boutiquemip.fr\/index.php\/wp-json\/wp\/v2\/media?parent=3165"}],"wp:term":[{"taxonomy":"product_brand","embeddable":true,"href":"https:\/\/boutiquemip.fr\/index.php\/wp-json\/wp\/v2\/product_brand?post=3165"},{"taxonomy":"product_cat","embeddable":true,"href":"https:\/\/boutiquemip.fr\/index.php\/wp-json\/wp\/v2\/product_cat?post=3165"},{"taxonomy":"product_tag","embeddable":true,"href":"https:\/\/boutiquemip.fr\/index.php\/wp-json\/wp\/v2\/product_tag?post=3165"}],"curies":[{"name":"wp","href":"https:\/\/api.w.org\/{rel}","templated":true}]}}