{"id":3097,"date":"2024-10-22T11:30:54","date_gmt":"2024-10-22T09:30:54","guid":{"rendered":"https:\/\/boutiquemip.fr\/?post_type=product&#038;p=3097"},"modified":"2026-03-25T10:25:43","modified_gmt":"2026-03-25T09:25:43","slug":"eau-de-parfum-histoiriae-jardin-le-notre-50ml","status":"publish","type":"product","link":"https:\/\/boutiquemip.fr\/index.php\/produit\/eau-de-parfum-histoiriae-jardin-le-notre-50ml\/","title":{"rendered":"EAU DE PARFUM HISTORIAE      JARDIN LE N\u00d4TRE 50ML"},"content":{"rendered":"\n<p>Des fontaines jaillissent. La sym\u00e9trie des jardins Le N\u00f4tre se dessine. Le parfum s\u2019ouvre&nbsp;alors par des notes fra\u00eeches de ros\u00e9e du matin laissant d\u00e9couvrir un accord vert de feuilles froiss\u00e9es et d\u2019herbes coup\u00e9es.<br><br>Au&nbsp;c\u0153ur&nbsp;du jardin, un grand bouquet royal se compose autour de la Narcisse. Rose, jacinthe, muguet, gard\u00e9nia viennent enrichir la composition. Des notes v\u00e9g\u00e9tales de tulipe nous interpellent&#8230;On se rapproche, on voudrait les cueillir&#8230;.On sent la terre encore humide sous les feuillages avec les notes terreuses et bois\u00e9es des huiles essentielles de patchouli et de v\u00e9tiver. Ces derni\u00e8res se marient aux notes douces et sensuelles de musc. Le vertige nous prend&#8230;. Monsieur Andr\u00e9 Le N\u00f4tre (1613-1700) nous tend la main.<br><br>Ce parfum a \u00e9t\u00e9 cr\u00e9\u00e9 en partenariat avec le Domaine de Chantilly propri\u00e9taire de la marque JARDIN DE LE N\u00d4TRE.<\/p>\n\n\n\n<h2 class=\"wp-block-heading\">&nbsp; &nbsp; &nbsp; &nbsp; &nbsp; &nbsp; &nbsp; &nbsp; &nbsp; &nbsp; &nbsp; &nbsp; &nbsp; Pyramide olfactive &nbsp; &nbsp; &nbsp; &nbsp; &nbsp; &nbsp; &nbsp; &nbsp; &nbsp; &nbsp; &nbsp; &nbsp; &nbsp;&nbsp;<\/h2>\n\n\n\n<p><strong>Notes de T\u00eate<\/strong>&nbsp;:&nbsp;feuilles vertes, accord v\u00e9g\u00e9tal, goutte de ros\u00e9e, baie rose extrait, tulipe<br><br><strong>Notes de Coeur<\/strong>&nbsp;:&nbsp;narcisse absolue,&nbsp;jacinthe, jasmin d\u2019eau, rose,&nbsp;muguet, gard\u00e9nia<br><br><strong>Notes de Fond<\/strong>&nbsp;:&nbsp;notes marines, musc,&nbsp;bois de c\u00e8dre blanc, v\u00e9tiver essence, patchouli<\/p>\n\n\n\n<p>Historicit\u00e9 : reformulation et r\u00e9interpr\u00e9tation par un Parfumeur d&rsquo;Art de compositions historiques \u00e0 base de tub\u00e9reuse, inspir\u00e9es par les carnets de composition et les recommandations des Grands Parfumeurs d\u2019Art de l\u2019\u00e9poque de Marie-Antoinette, dont Jean-Louis Fargeon.<br>Concentration : Eau de parfum<br>Contenance : 50 ml<br>Composition : huiles essentielles issues du commerce \u00e9quitable.<br>Fabrication : fran\u00e7aise.<br>Lieu de production : France.<br>Parfumeur d&rsquo;Art : Ir\u00e8ne Farmachidi<br>Editeur du Parfum d&rsquo;Art : HISTORIAE, Manufacture de Parfums d&rsquo;Art et d&rsquo;Histoire<\/p>\n","protected":false},"excerpt":{"rendered":"<p>Pour f\u00eater le quadri centenaire de la naissance d\u2019Andr\u00e9 Le N\u00f4tre, le Domaine de Chantilly et Historiae ont d\u00e9cid\u00e9 de cr\u00e9er un parfum\u00a0: \u00ab\u00a0JARDIN DE LE N\u00d4TRE\u00a0\u00bb. Ce parfum a \u00e9t\u00e9 \u00e9crit comme une ballade po\u00e9tique au c\u0153ur des jardins de Le N\u00f4tre.<\/p>\n","protected":false},"featured_media":2999,"comment_status":"open","ping_status":"closed","template":"","meta":[],"product_brand":[],"product_cat":[20],"product_tag":[],"class_list":{"0":"post-3097","1":"product","2":"type-product","3":"status-publish","4":"has-post-thumbnail","6":"product_cat-cosmetique-et-parfums","8":"first","9":"outofstock","10":"shipping-taxable","11":"purchasable","12":"product-type-simple"},"jetpack_sharing_enabled":true,"_links":{"self":[{"href":"https:\/\/boutiquemip.fr\/index.php\/wp-json\/wp\/v2\/product\/3097","targetHints":{"allow":["GET"]}}],"collection":[{"href":"https:\/\/boutiquemip.fr\/index.php\/wp-json\/wp\/v2\/product"}],"about":[{"href":"https:\/\/boutiquemip.fr\/index.php\/wp-json\/wp\/v2\/types\/product"}],"replies":[{"embeddable":true,"href":"https:\/\/boutiquemip.fr\/index.php\/wp-json\/wp\/v2\/comments?post=3097"}],"wp:featuredmedia":[{"embeddable":true,"href":"https:\/\/boutiquemip.fr\/index.php\/wp-json\/wp\/v2\/media\/2999"}],"wp:attachment":[{"href":"https:\/\/boutiquemip.fr\/index.php\/wp-json\/wp\/v2\/media?parent=3097"}],"wp:term":[{"taxonomy":"product_brand","embeddable":true,"href":"https:\/\/boutiquemip.fr\/index.php\/wp-json\/wp\/v2\/product_brand?post=3097"},{"taxonomy":"product_cat","embeddable":true,"href":"https:\/\/boutiquemip.fr\/index.php\/wp-json\/wp\/v2\/product_cat?post=3097"},{"taxonomy":"product_tag","embeddable":true,"href":"https:\/\/boutiquemip.fr\/index.php\/wp-json\/wp\/v2\/product_tag?post=3097"}],"curies":[{"name":"wp","href":"https:\/\/api.w.org\/{rel}","templated":true}]}}