{"id":3095,"date":"2024-10-22T11:26:38","date_gmt":"2024-10-22T09:26:38","guid":{"rendered":"https:\/\/boutiquemip.fr\/?post_type=product&#038;p=3095"},"modified":"2025-12-07T10:15:08","modified_gmt":"2025-12-07T09:15:08","slug":"eau-de-toilette-historiae-lorangerie-du-roi-50-ml","status":"publish","type":"product","link":"https:\/\/boutiquemip.fr\/index.php\/produit\/eau-de-toilette-historiae-lorangerie-du-roi-50-ml\/","title":{"rendered":"EAU DE TOILETTE HISTORIAE L&rsquo;ORANGERIE DU ROI 50 ML"},"content":{"rendered":"\n<p><strong>Pyramide olfactive<\/strong><\/p>\n\n\n\n<p><strong><br>Notes de t\u00eate&nbsp;<\/strong>:&nbsp;Citron, Orange Douce, Bergamote, Petitgrain, Basilic, Menthe Cr\u00e9pue&nbsp;<\/p>\n\n\n\n<p><strong>Notes de c\u0153ur<\/strong>&nbsp;:&nbsp;Fleur d\u2019Oranger, Ylang, Ch\u00e8vrefeuille, Lavande, Thym, Seringa<\/p>\n\n\n\n<p><strong>Notes de fond&nbsp;<\/strong>:&nbsp;Patchouli, V\u00e9tiver, Mousse de Ch\u00eane, Musc<\/p>\n\n\n\n<p><br><em>\u00a0\u00bb La douce caresse d\u2019une fleur d\u2019oranger sur la peau, cueillie lorsque le Soleil est au Z\u00e9nith et inonde de lumi\u00e8re l\u2019Orangerie du Roy.<\/em><\/p>\n\n\n\n<p><br><em>Les premi\u00e8res notes du Petitgrain sugg\u00e8rent les branches \u00e9lanc\u00e9es et les feuilles vertes des orangers du Roy.<\/em><\/p>\n\n\n\n<p><br><em>Elles se colorent des touches acidul\u00e9es de l&rsquo;Orange, m\u00eal\u00e9es \u00e0 celles du Citron et de&nbsp;la Bergamote, du Basilic et de la Menthe, pr\u00e9sents en clin d\u2019\u0153il aux aqua mirabilis de l\u2019\u00e9poque.<\/em><\/p>\n\n\n\n<p><br><em>En c\u0153ur, la Fleur d\u2019Oranger d\u00e9ploie ses p\u00e9tales soyeux. Leurs reflets dor\u00e9s, enrichis par ceux de l&rsquo;Ylang-Ylang et du Seringa aux effluves miell\u00e9s, r\u00e9pondent \u00e0 ceux du Roy Soleil. Dans un murmure, elle diffuse son parfum pr\u00e9cieux, en \u00e9chos au Ch\u00e8vrefeuille. La Lavande et le Thym ponctuent&nbsp;tous ces parfums&nbsp;de fleurs blanches.<\/em><\/p>\n\n\n\n<p><br><em>En fond, le Patchouli, le V\u00e9tiver et la&nbsp;Mousse de Ch\u00eane prolongent ce moment pass\u00e9 \u00e0 d\u00e9ambuler entre ces arbres&nbsp;aux fleurs pr\u00e9cieuses. Les Muscs enivrants bercent nos pas.\u00a0\u00bb<\/em><\/p>\n\n\n\n<p>Bertrand Duchaufour<\/p>\n","protected":false},"excerpt":{"rendered":"<p>Le Parfum d&rsquo;Art et d&rsquo;Histoire \u00ae \u00ab\u00a0Orangerie du Roy\u00a0\u00bb est une eau de toilette \u00e0 base de fleur d\u2019oranger, parfum pr\u00e9f\u00e9r\u00e9 du roi Louis XIV, dont la formule est inspir\u00e9e des secrets de formulation r\u00e9v\u00e9l\u00e9s par le parfumeur Simon BARBE, parfumeur du Dauphin et l&rsquo;un des plus c\u00e9l\u00e8bres parfumeurs du XVIIe si\u00e8cle.<\/p>\n","protected":false},"featured_media":3002,"comment_status":"open","ping_status":"closed","template":"","meta":[],"product_brand":[],"product_cat":[20],"product_tag":[],"class_list":{"0":"post-3095","1":"product","2":"type-product","3":"status-publish","4":"has-post-thumbnail","6":"product_cat-cosmetique-et-parfums","8":"first","9":"outofstock","10":"shipping-taxable","11":"purchasable","12":"product-type-simple"},"jetpack_sharing_enabled":true,"_links":{"self":[{"href":"https:\/\/boutiquemip.fr\/index.php\/wp-json\/wp\/v2\/product\/3095","targetHints":{"allow":["GET"]}}],"collection":[{"href":"https:\/\/boutiquemip.fr\/index.php\/wp-json\/wp\/v2\/product"}],"about":[{"href":"https:\/\/boutiquemip.fr\/index.php\/wp-json\/wp\/v2\/types\/product"}],"replies":[{"embeddable":true,"href":"https:\/\/boutiquemip.fr\/index.php\/wp-json\/wp\/v2\/comments?post=3095"}],"wp:featuredmedia":[{"embeddable":true,"href":"https:\/\/boutiquemip.fr\/index.php\/wp-json\/wp\/v2\/media\/3002"}],"wp:attachment":[{"href":"https:\/\/boutiquemip.fr\/index.php\/wp-json\/wp\/v2\/media?parent=3095"}],"wp:term":[{"taxonomy":"product_brand","embeddable":true,"href":"https:\/\/boutiquemip.fr\/index.php\/wp-json\/wp\/v2\/product_brand?post=3095"},{"taxonomy":"product_cat","embeddable":true,"href":"https:\/\/boutiquemip.fr\/index.php\/wp-json\/wp\/v2\/product_cat?post=3095"},{"taxonomy":"product_tag","embeddable":true,"href":"https:\/\/boutiquemip.fr\/index.php\/wp-json\/wp\/v2\/product_tag?post=3095"}],"curies":[{"name":"wp","href":"https:\/\/api.w.org\/{rel}","templated":true}]}}