{"id":3092,"date":"2024-10-22T11:19:39","date_gmt":"2024-10-22T09:19:39","guid":{"rendered":"https:\/\/boutiquemip.fr\/?post_type=product&#038;p=3092"},"modified":"2025-12-07T10:15:40","modified_gmt":"2025-12-07T09:15:40","slug":"eau-de-toilette-historiae-violette-imperiale-50-ml","status":"publish","type":"product","link":"https:\/\/boutiquemip.fr\/index.php\/produit\/eau-de-toilette-historiae-violette-imperiale-50-ml\/","title":{"rendered":"EAU DE TOILETTE HISTORIAE VIOLETTE IMPERIALE 50 ML"},"content":{"rendered":"\n<p><em>\u00ab\u00a0La violette est souvent associ\u00e9e aux femmes dont la beaut\u00e9 suave, capiteuse, est empreinte de myst\u00e8re.<\/em><\/p>\n\n\n\n<p><em>Ce parfum capture l\u2019essence d\u2019une fleur de violette au temp\u00e9rament \u00e9l\u00e9gant et espi\u00e8gle.<\/em><\/p>\n\n\n\n<p><em>Les premi\u00e8res notes sont savoureuses et velout\u00e9es gr\u00e2ce \u00e0 l\u2019Orange qui se marie tout en nuances au Cassis et \u00e0 la P\u00eache. Une subtile note de Violette apparait alors, \u00e0 l\u2019allure poudr\u00e9e et facett\u00e9e par le noble Iris, tandis que l\u2019Ylang-Ylang et la framboise apportent une texture tendre et fondante, \u00e9voquant les rouges \u00e0 l\u00e8vres d\u2019autrefois.<\/em><\/p>\n\n\n\n<p><em>En fond, si les notes bois\u00e9es de V\u00e9tiver et Santal font \u00e9cho \u00e0 un jardin raffin\u00e9, le sillage est aussi doux et vaporeux gr\u00e2ce \u00e0 la rondeur des Muscs qui enveloppent l\u2019Ambre et la Vanille dans un esprit tr\u00e8s textile, en \u00e9cho aux robes tr\u00e8s fastueuses du second empire.\u00a0\u00bb<\/em><\/p>\n\n\n\n<p><em>Bertrand Duchaufour<\/em><\/p>\n\n\n\n<h2 class=\"wp-block-heading\"><br>&nbsp; &nbsp; &nbsp; &nbsp; &nbsp; &nbsp; &nbsp; &nbsp; &nbsp; &nbsp; &nbsp; &nbsp; &nbsp; &nbsp; Pyramide olfactive &nbsp; &nbsp; &nbsp; &nbsp; &nbsp; &nbsp; &nbsp; &nbsp; &nbsp; &nbsp; &nbsp; &nbsp;&nbsp;<\/h2>\n\n\n\n<p><strong>Notes de t\u00eate<\/strong>&nbsp;: orange, cassis, p\u00eache.<\/p>\n\n\n\n<p><strong>Notes de c\u0153ur<\/strong>&nbsp;: violette, iris, framboise, ylang ylang.<\/p>\n\n\n\n<p><strong>Notes de fond<\/strong>&nbsp;: vanille, musc, ambre, vetiver, santal.<\/p>\n","protected":false},"excerpt":{"rendered":"<p>Le parfum d&rsquo;Art et d&rsquo;Histoire\u00a0 \u00abViolette Imp\u00e9riale\u00bb\u00a0est une eau de toilette compos\u00e9e, comme un hymne \u00e0\u00a0l&rsquo;amour que l\u2019imp\u00e9ratrice Eug\u00e9nie, \u00e9pouse de Napol\u00e9on III, \u00a0portait \u00e0 son fils et dont la violette \u00e9tait le symbole secret.<\/p>\n","protected":false},"featured_media":2997,"comment_status":"open","ping_status":"closed","template":"","meta":[],"product_brand":[],"product_cat":[20],"product_tag":[],"class_list":{"0":"post-3092","1":"product","2":"type-product","3":"status-publish","4":"has-post-thumbnail","6":"product_cat-cosmetique-et-parfums","8":"first","9":"instock","10":"shipping-taxable","11":"purchasable","12":"product-type-simple"},"jetpack_sharing_enabled":true,"_links":{"self":[{"href":"https:\/\/boutiquemip.fr\/index.php\/wp-json\/wp\/v2\/product\/3092","targetHints":{"allow":["GET"]}}],"collection":[{"href":"https:\/\/boutiquemip.fr\/index.php\/wp-json\/wp\/v2\/product"}],"about":[{"href":"https:\/\/boutiquemip.fr\/index.php\/wp-json\/wp\/v2\/types\/product"}],"replies":[{"embeddable":true,"href":"https:\/\/boutiquemip.fr\/index.php\/wp-json\/wp\/v2\/comments?post=3092"}],"wp:featuredmedia":[{"embeddable":true,"href":"https:\/\/boutiquemip.fr\/index.php\/wp-json\/wp\/v2\/media\/2997"}],"wp:attachment":[{"href":"https:\/\/boutiquemip.fr\/index.php\/wp-json\/wp\/v2\/media?parent=3092"}],"wp:term":[{"taxonomy":"product_brand","embeddable":true,"href":"https:\/\/boutiquemip.fr\/index.php\/wp-json\/wp\/v2\/product_brand?post=3092"},{"taxonomy":"product_cat","embeddable":true,"href":"https:\/\/boutiquemip.fr\/index.php\/wp-json\/wp\/v2\/product_cat?post=3092"},{"taxonomy":"product_tag","embeddable":true,"href":"https:\/\/boutiquemip.fr\/index.php\/wp-json\/wp\/v2\/product_tag?post=3092"}],"curies":[{"name":"wp","href":"https:\/\/api.w.org\/{rel}","templated":true}]}}