{"id":3078,"date":"2024-10-22T09:52:57","date_gmt":"2024-10-22T07:52:57","guid":{"rendered":"https:\/\/boutiquemip.fr\/?post_type=product&#038;p=3078"},"modified":"2024-12-21T12:47:46","modified_gmt":"2024-12-21T11:47:46","slug":"savon-oriza-legrand-royal-oeillet-125-gr","status":"publish","type":"product","link":"https:\/\/boutiquemip.fr\/index.php\/produit\/savon-oriza-legrand-royal-oeillet-125-gr\/","title":{"rendered":"SAVON ORIZA LEGRAND ROYAL \u0152ILLET  125 GR"},"content":{"rendered":"\n<p><a href=\"https:\/\/www.orizaparfums.com\/fr\/accueil\/49-441-royal-oeillet.html\">Ingr\u00e9dients INCI<\/a><\/p>\n\n\n\n<p>Sodium olivate, sodium cocoate, aqua (water), parfum (fragrance), butyrospermum parkii (shea) butter*, glycerin, sodium chloride, tetrasodium glutamate diacetate, benzyl salicylate, eugenol, geraniol, isoeugenol, alpha-isomethyl-ionone&nbsp;<\/p>\n","protected":false},"excerpt":{"rendered":"<p>Savon v\u00e9g\u00e9tal, 125 grammes, fabriqu\u00e9 \u00e0 Marseille. Poudre &amp; Girofle<\/p>\n","protected":false},"featured_media":2979,"comment_status":"open","ping_status":"closed","template":"","meta":[],"product_brand":[],"product_cat":[20],"product_tag":[],"class_list":{"0":"post-3078","1":"product","2":"type-product","3":"status-publish","4":"has-post-thumbnail","6":"product_cat-cosmetique-et-parfums","8":"first","9":"outofstock","10":"shipping-taxable","11":"purchasable","12":"product-type-simple"},"jetpack_sharing_enabled":true,"_links":{"self":[{"href":"https:\/\/boutiquemip.fr\/index.php\/wp-json\/wp\/v2\/product\/3078","targetHints":{"allow":["GET"]}}],"collection":[{"href":"https:\/\/boutiquemip.fr\/index.php\/wp-json\/wp\/v2\/product"}],"about":[{"href":"https:\/\/boutiquemip.fr\/index.php\/wp-json\/wp\/v2\/types\/product"}],"replies":[{"embeddable":true,"href":"https:\/\/boutiquemip.fr\/index.php\/wp-json\/wp\/v2\/comments?post=3078"}],"wp:featuredmedia":[{"embeddable":true,"href":"https:\/\/boutiquemip.fr\/index.php\/wp-json\/wp\/v2\/media\/2979"}],"wp:attachment":[{"href":"https:\/\/boutiquemip.fr\/index.php\/wp-json\/wp\/v2\/media?parent=3078"}],"wp:term":[{"taxonomy":"product_brand","embeddable":true,"href":"https:\/\/boutiquemip.fr\/index.php\/wp-json\/wp\/v2\/product_brand?post=3078"},{"taxonomy":"product_cat","embeddable":true,"href":"https:\/\/boutiquemip.fr\/index.php\/wp-json\/wp\/v2\/product_cat?post=3078"},{"taxonomy":"product_tag","embeddable":true,"href":"https:\/\/boutiquemip.fr\/index.php\/wp-json\/wp\/v2\/product_tag?post=3078"}],"curies":[{"name":"wp","href":"https:\/\/api.w.org\/{rel}","templated":true}]}}