{"id":3076,"date":"2024-10-22T09:50:18","date_gmt":"2024-10-22T07:50:18","guid":{"rendered":"https:\/\/boutiquemip.fr\/?post_type=product&#038;p=3076"},"modified":"2024-12-21T12:48:35","modified_gmt":"2024-12-21T11:48:35","slug":"savon-oriza-legrand-reve-dossian-125-gr","status":"publish","type":"product","link":"https:\/\/boutiquemip.fr\/index.php\/produit\/savon-oriza-legrand-reve-dossian-125-gr\/","title":{"rendered":"SAVON ORIZA LEGRAND REVE D&rsquo;OSSIAN 125 GR"},"content":{"rendered":"","protected":false},"excerpt":{"rendered":"<p>Savon v\u00e9g\u00e9tal, 125 grammes, fabriqu\u00e9 \u00e0 Marseille.<\/p>\n","protected":false},"featured_media":2977,"comment_status":"open","ping_status":"closed","template":"","meta":[],"product_brand":[],"product_cat":[20],"product_tag":[],"class_list":{"0":"post-3076","1":"product","2":"type-product","3":"status-publish","4":"has-post-thumbnail","6":"product_cat-cosmetique-et-parfums","8":"first","9":"outofstock","10":"shipping-taxable","11":"purchasable","12":"product-type-simple"},"jetpack_sharing_enabled":true,"_links":{"self":[{"href":"https:\/\/boutiquemip.fr\/index.php\/wp-json\/wp\/v2\/product\/3076","targetHints":{"allow":["GET"]}}],"collection":[{"href":"https:\/\/boutiquemip.fr\/index.php\/wp-json\/wp\/v2\/product"}],"about":[{"href":"https:\/\/boutiquemip.fr\/index.php\/wp-json\/wp\/v2\/types\/product"}],"replies":[{"embeddable":true,"href":"https:\/\/boutiquemip.fr\/index.php\/wp-json\/wp\/v2\/comments?post=3076"}],"wp:featuredmedia":[{"embeddable":true,"href":"https:\/\/boutiquemip.fr\/index.php\/wp-json\/wp\/v2\/media\/2977"}],"wp:attachment":[{"href":"https:\/\/boutiquemip.fr\/index.php\/wp-json\/wp\/v2\/media?parent=3076"}],"wp:term":[{"taxonomy":"product_brand","embeddable":true,"href":"https:\/\/boutiquemip.fr\/index.php\/wp-json\/wp\/v2\/product_brand?post=3076"},{"taxonomy":"product_cat","embeddable":true,"href":"https:\/\/boutiquemip.fr\/index.php\/wp-json\/wp\/v2\/product_cat?post=3076"},{"taxonomy":"product_tag","embeddable":true,"href":"https:\/\/boutiquemip.fr\/index.php\/wp-json\/wp\/v2\/product_tag?post=3076"}],"curies":[{"name":"wp","href":"https:\/\/api.w.org\/{rel}","templated":true}]}}