{"id":3073,"date":"2024-10-22T09:44:19","date_gmt":"2024-10-22T07:44:19","guid":{"rendered":"https:\/\/boutiquemip.fr\/?post_type=product&#038;p=3073"},"modified":"2024-12-21T12:49:18","modified_gmt":"2024-12-21T11:49:18","slug":"savon-oriza-legrand-deja-le-printemps-125-gr","status":"publish","type":"product","link":"https:\/\/boutiquemip.fr\/index.php\/produit\/savon-oriza-legrand-deja-le-printemps-125-gr\/","title":{"rendered":"SAVON ORIZA LEGRAND D\u00c9J\u00c0 LE PRINTEMPS 125 GR"},"content":{"rendered":"","protected":false},"excerpt":{"rendered":"<div id=\"product-description-short-157\" class=\"product-description-short\">\n<p>Savon v\u00e9g\u00e9tal, 125 grammes, fabriqu\u00e9 \u00e0 Marseille.<\/p>\n<\/div>\n<div class=\"product-prices js-product-prices\">\n<div class=\"product-price h5 \">\u00ab\u00a0Un produit de la Parfumerie Oriza de L. Legrand et que nous ne saurions trop recommander, ce sont les savons extra, tellement fins qu&rsquo;on peut sans crainte en faire usage pour la figure, chose pr\u00e9cieuse, car en hiver, avec les feux de charbons, le teint est susceptible de se ternir et si l&rsquo;on a soin de ne se servir que du savon Oriza velout\u00e9 et incolore, le teint reste frais et pur.\u00a0\u00bb<\/div>\n<\/div>\n","protected":false},"featured_media":2975,"comment_status":"open","ping_status":"closed","template":"","meta":[],"product_brand":[],"product_cat":[20],"product_tag":[],"class_list":{"0":"post-3073","1":"product","2":"type-product","3":"status-publish","4":"has-post-thumbnail","6":"product_cat-cosmetique-et-parfums","8":"first","9":"outofstock","10":"shipping-taxable","11":"purchasable","12":"product-type-simple"},"jetpack_sharing_enabled":true,"_links":{"self":[{"href":"https:\/\/boutiquemip.fr\/index.php\/wp-json\/wp\/v2\/product\/3073","targetHints":{"allow":["GET"]}}],"collection":[{"href":"https:\/\/boutiquemip.fr\/index.php\/wp-json\/wp\/v2\/product"}],"about":[{"href":"https:\/\/boutiquemip.fr\/index.php\/wp-json\/wp\/v2\/types\/product"}],"replies":[{"embeddable":true,"href":"https:\/\/boutiquemip.fr\/index.php\/wp-json\/wp\/v2\/comments?post=3073"}],"wp:featuredmedia":[{"embeddable":true,"href":"https:\/\/boutiquemip.fr\/index.php\/wp-json\/wp\/v2\/media\/2975"}],"wp:attachment":[{"href":"https:\/\/boutiquemip.fr\/index.php\/wp-json\/wp\/v2\/media?parent=3073"}],"wp:term":[{"taxonomy":"product_brand","embeddable":true,"href":"https:\/\/boutiquemip.fr\/index.php\/wp-json\/wp\/v2\/product_brand?post=3073"},{"taxonomy":"product_cat","embeddable":true,"href":"https:\/\/boutiquemip.fr\/index.php\/wp-json\/wp\/v2\/product_cat?post=3073"},{"taxonomy":"product_tag","embeddable":true,"href":"https:\/\/boutiquemip.fr\/index.php\/wp-json\/wp\/v2\/product_tag?post=3073"}],"curies":[{"name":"wp","href":"https:\/\/api.w.org\/{rel}","templated":true}]}}