{"id":3068,"date":"2024-10-22T09:18:54","date_gmt":"2024-10-22T07:18:54","guid":{"rendered":"https:\/\/boutiquemip.fr\/?post_type=product&#038;p=3068"},"modified":"2025-02-28T11:05:45","modified_gmt":"2025-02-28T10:05:45","slug":"eau-de-parfum-oriza-legrand-empire-des-indes-100-ml","status":"publish","type":"product","link":"https:\/\/boutiquemip.fr\/index.php\/produit\/eau-de-parfum-oriza-legrand-empire-des-indes-100-ml\/","title":{"rendered":"EAU DE PARFUM ORIZA LEGRAND EMPIRE DES INDES 100 ML"},"content":{"rendered":"","protected":false},"excerpt":{"rendered":"<p>La Reine Victoria r\u00e9sidait r\u00e9guli\u00e8rement \u00e0 L\u2019Excelsior Regina Palace de Nice, alors propri\u00e9t\u00e9 d\u2019Oriza L. Legrand.<\/p>\n<p>La Maison proposa d\u00e8s 1886 ce pr\u00e9cieux parfum en hommage \u00e0 sa fid\u00e8le cliente, alors Imp\u00e9ratrice des Indes, pour emporter avec soi un peu de l\u2019Inde des Maharajas.<\/p>\n","protected":false},"featured_media":2970,"comment_status":"open","ping_status":"closed","template":"","meta":[],"product_brand":[],"product_cat":[20],"product_tag":[],"class_list":{"0":"post-3068","1":"product","2":"type-product","3":"status-publish","4":"has-post-thumbnail","6":"product_cat-cosmetique-et-parfums","8":"first","9":"outofstock","10":"shipping-taxable","11":"purchasable","12":"product-type-simple"},"jetpack_sharing_enabled":true,"_links":{"self":[{"href":"https:\/\/boutiquemip.fr\/index.php\/wp-json\/wp\/v2\/product\/3068","targetHints":{"allow":["GET"]}}],"collection":[{"href":"https:\/\/boutiquemip.fr\/index.php\/wp-json\/wp\/v2\/product"}],"about":[{"href":"https:\/\/boutiquemip.fr\/index.php\/wp-json\/wp\/v2\/types\/product"}],"replies":[{"embeddable":true,"href":"https:\/\/boutiquemip.fr\/index.php\/wp-json\/wp\/v2\/comments?post=3068"}],"wp:featuredmedia":[{"embeddable":true,"href":"https:\/\/boutiquemip.fr\/index.php\/wp-json\/wp\/v2\/media\/2970"}],"wp:attachment":[{"href":"https:\/\/boutiquemip.fr\/index.php\/wp-json\/wp\/v2\/media?parent=3068"}],"wp:term":[{"taxonomy":"product_brand","embeddable":true,"href":"https:\/\/boutiquemip.fr\/index.php\/wp-json\/wp\/v2\/product_brand?post=3068"},{"taxonomy":"product_cat","embeddable":true,"href":"https:\/\/boutiquemip.fr\/index.php\/wp-json\/wp\/v2\/product_cat?post=3068"},{"taxonomy":"product_tag","embeddable":true,"href":"https:\/\/boutiquemip.fr\/index.php\/wp-json\/wp\/v2\/product_tag?post=3068"}],"curies":[{"name":"wp","href":"https:\/\/api.w.org\/{rel}","templated":true}]}}