{"id":3067,"date":"2024-10-22T09:17:19","date_gmt":"2024-10-22T07:17:19","guid":{"rendered":"https:\/\/boutiquemip.fr\/?post_type=product&#038;p=3067"},"modified":"2024-12-28T12:49:49","modified_gmt":"2024-12-28T11:49:49","slug":"eau-de-parfum-oriza-legrand-scotch-lavander-100-ml","status":"publish","type":"product","link":"https:\/\/boutiquemip.fr\/index.php\/produit\/eau-de-parfum-oriza-legrand-scotch-lavander-100-ml\/","title":{"rendered":"EAU DE PARFUM ORIZA LEGRAND SCOTCH LAVANDER 100 ML"},"content":{"rendered":"","protected":false},"excerpt":{"rendered":"<p>Parfum dandy tr\u00e8s \u00e0 la mode \u00e0 la fin du XIX\u00e8me si\u00e8cle, l\u2019accord \u00ab Foug\u00e8re \u00bb de SCOTCH LAVANDER r\u00e9chauffe les notes aromatiques et fra\u00eeches de la lavande d\u2019Ecosse en y associant le benjoin et l\u2019ambre pour une composition \u00e9l\u00e9gante et intemporelle.<\/p>\n","protected":false},"featured_media":2968,"comment_status":"open","ping_status":"closed","template":"","meta":[],"product_brand":[],"product_cat":[20],"product_tag":[],"class_list":{"0":"post-3067","1":"product","2":"type-product","3":"status-publish","4":"has-post-thumbnail","6":"product_cat-cosmetique-et-parfums","8":"first","9":"outofstock","10":"shipping-taxable","11":"purchasable","12":"product-type-simple"},"jetpack_sharing_enabled":true,"_links":{"self":[{"href":"https:\/\/boutiquemip.fr\/index.php\/wp-json\/wp\/v2\/product\/3067","targetHints":{"allow":["GET"]}}],"collection":[{"href":"https:\/\/boutiquemip.fr\/index.php\/wp-json\/wp\/v2\/product"}],"about":[{"href":"https:\/\/boutiquemip.fr\/index.php\/wp-json\/wp\/v2\/types\/product"}],"replies":[{"embeddable":true,"href":"https:\/\/boutiquemip.fr\/index.php\/wp-json\/wp\/v2\/comments?post=3067"}],"wp:featuredmedia":[{"embeddable":true,"href":"https:\/\/boutiquemip.fr\/index.php\/wp-json\/wp\/v2\/media\/2968"}],"wp:attachment":[{"href":"https:\/\/boutiquemip.fr\/index.php\/wp-json\/wp\/v2\/media?parent=3067"}],"wp:term":[{"taxonomy":"product_brand","embeddable":true,"href":"https:\/\/boutiquemip.fr\/index.php\/wp-json\/wp\/v2\/product_brand?post=3067"},{"taxonomy":"product_cat","embeddable":true,"href":"https:\/\/boutiquemip.fr\/index.php\/wp-json\/wp\/v2\/product_cat?post=3067"},{"taxonomy":"product_tag","embeddable":true,"href":"https:\/\/boutiquemip.fr\/index.php\/wp-json\/wp\/v2\/product_tag?post=3067"}],"curies":[{"name":"wp","href":"https:\/\/api.w.org\/{rel}","templated":true}]}}