{"id":3065,"date":"2024-10-22T09:08:09","date_gmt":"2024-10-22T07:08:09","guid":{"rendered":"https:\/\/boutiquemip.fr\/?post_type=product&#038;p=3065"},"modified":"2026-04-23T09:50:48","modified_gmt":"2026-04-23T07:50:48","slug":"le-livre-du-parfumeur-de-felix-cola","status":"publish","type":"product","link":"https:\/\/boutiquemip.fr\/index.php\/produit\/le-livre-du-parfumeur-de-felix-cola\/","title":{"rendered":"\u00a0LE LIVRE DU PARFUMEUR DE FELIX COLA"},"content":{"rendered":"\n<figure class=\"wp-block-table\"><table class=\"has-fixed-layout\"><tbody><tr><td>Le Parfum \u00e0 travers les \u00e2ges ( histoire, \u00e9volution), La Parfumerie (industrie artistique fran\u00e7aise), Lyrisme, Philosophie et Litt\u00e9rature du Parfum, Grasse (Berceau de la Parfumerie et des essences de fleurs), Les grandes fabriques de Parfum naturels et synth\u00e9tiques, les Parfums exotiques (Arabes, Chinois, Roumains etc..), Cosm\u00e9tiques, Produits de beaut\u00e9 et Savons etc&#8230;<\/td><\/tr><\/tbody><\/table><\/figure>\n","protected":false},"excerpt":{"rendered":"<p>Le Parfum \u00e0 travers les \u00e2ges ( histoire, \u00e9volution), La Parfumerie (industrie artistique fran\u00e7aise), Lyrisme, Philosophie et Litt\u00e9rature du Parfum, Grasse (Berceau de la Parfumerie et des essences de fleurs), Les grandes fabriques de Parfum naturels et synth\u00e9tiques, les Parfums exotiques (Arabes, Chinois, Roumains etc..), Cosm\u00e9tiques, Produits de beaut\u00e9 et Savons etc&#8230;<\/p>\n","protected":false},"featured_media":2965,"comment_status":"open","ping_status":"closed","template":"","meta":[],"product_brand":[],"product_cat":[22],"product_tag":[],"class_list":{"0":"post-3065","1":"product","2":"type-product","3":"status-publish","4":"has-post-thumbnail","6":"product_cat-librairie","8":"first","9":"instock","10":"sale","11":"shipping-taxable","12":"purchasable","13":"product-type-simple"},"jetpack_sharing_enabled":true,"_links":{"self":[{"href":"https:\/\/boutiquemip.fr\/index.php\/wp-json\/wp\/v2\/product\/3065","targetHints":{"allow":["GET"]}}],"collection":[{"href":"https:\/\/boutiquemip.fr\/index.php\/wp-json\/wp\/v2\/product"}],"about":[{"href":"https:\/\/boutiquemip.fr\/index.php\/wp-json\/wp\/v2\/types\/product"}],"replies":[{"embeddable":true,"href":"https:\/\/boutiquemip.fr\/index.php\/wp-json\/wp\/v2\/comments?post=3065"}],"wp:featuredmedia":[{"embeddable":true,"href":"https:\/\/boutiquemip.fr\/index.php\/wp-json\/wp\/v2\/media\/2965"}],"wp:attachment":[{"href":"https:\/\/boutiquemip.fr\/index.php\/wp-json\/wp\/v2\/media?parent=3065"}],"wp:term":[{"taxonomy":"product_brand","embeddable":true,"href":"https:\/\/boutiquemip.fr\/index.php\/wp-json\/wp\/v2\/product_brand?post=3065"},{"taxonomy":"product_cat","embeddable":true,"href":"https:\/\/boutiquemip.fr\/index.php\/wp-json\/wp\/v2\/product_cat?post=3065"},{"taxonomy":"product_tag","embeddable":true,"href":"https:\/\/boutiquemip.fr\/index.php\/wp-json\/wp\/v2\/product_tag?post=3065"}],"curies":[{"name":"wp","href":"https:\/\/api.w.org\/{rel}","templated":true}]}}