{"id":1906,"date":"2022-06-14T06:49:38","date_gmt":"2022-06-14T06:49:38","guid":{"rendered":"https:\/\/demo.agnidesigns.com\/luminate\/?page_id=1906"},"modified":"2024-11-28T15:58:26","modified_gmt":"2024-11-28T14:58:26","slug":"collections","status":"publish","type":"page","link":"https:\/\/boutiquemip.fr\/index.php\/collections\/","title":{"rendered":"Collections"},"content":{"rendered":"\n<div class=\"wp-block-cover alignfull is-light\" style=\"min-height:450px;aspect-ratio:unset;\"><span aria-hidden=\"true\" class=\"wp-block-cover__background has-primary-background-color has-background-dim-0 has-background-dim\"><\/span><img loading=\"lazy\" decoding=\"async\" width=\"1400\" height=\"500\" class=\"wp-block-cover__image-background wp-image-2801\" alt=\"\" src=\"http:\/\/boutiquemip.fr\/wp-content\/uploads\/2024\/09\/2.jpg\" data-object-fit=\"cover\" srcset=\"https:\/\/boutiquemip.fr\/wp-content\/uploads\/2024\/09\/2.jpg 1400w, https:\/\/boutiquemip.fr\/wp-content\/uploads\/2024\/09\/2-300x107.jpg 300w, https:\/\/boutiquemip.fr\/wp-content\/uploads\/2024\/09\/2-1024x366.jpg 1024w, https:\/\/boutiquemip.fr\/wp-content\/uploads\/2024\/09\/2-768x274.jpg 768w, https:\/\/boutiquemip.fr\/wp-content\/uploads\/2024\/09\/2-1320x471.jpg 1320w, https:\/\/boutiquemip.fr\/wp-content\/uploads\/2024\/09\/2-600x214.jpg 600w\" sizes=\"auto, (max-width: 1400px) 100vw, 1400px\" \/><div class=\"wp-block-cover__inner-container is-layout-flow wp-block-cover-is-layout-flow\">\n<div class=\"wp-block-group is-layout-constrained wp-container-core-group-is-layout-c6036f6d wp-block-group-is-layout-constrained\">\n<h1 class=\"wp-block-heading has-text-color has-x-large-font-size\" style=\"color:#136e8a\">Collections<\/h1>\n\n\n\n<p class=\"has-text-color has-medium-font-size\" style=\"color:#136e8a\"><\/p>\n<\/div>\n<\/div><\/div>\n\n\n\n<div style=\"height:0px\" aria-hidden=\"true\" class=\"wp-block-spacer\"><\/div>\n\n\n\n<div class=\"wp-block-group alignwide is-layout-constrained wp-block-group-is-layout-constrained\">\n<div class=\"wp-block-cover\"><span aria-hidden=\"true\" class=\"wp-block-cover__background has-background-dim\"><\/span><img loading=\"lazy\" decoding=\"async\" width=\"600\" height=\"600\" class=\"wp-block-cover__image-background wp-image-484\" alt=\"\" src=\"http:\/\/boutiquemip.fr\/wp-content\/uploads\/2024\/09\/cosmetique.jpg\" data-object-fit=\"cover\" srcset=\"https:\/\/boutiquemip.fr\/wp-content\/uploads\/2024\/09\/cosmetique.jpg 600w, https:\/\/boutiquemip.fr\/wp-content\/uploads\/2024\/09\/cosmetique-300x300.jpg 300w, https:\/\/boutiquemip.fr\/wp-content\/uploads\/2024\/09\/cosmetique-150x150.jpg 150w, https:\/\/boutiquemip.fr\/wp-content\/uploads\/2024\/09\/cosmetique-100x100.jpg 100w\" sizes=\"auto, (max-width: 600px) 100vw, 600px\" \/><div class=\"wp-block-cover__inner-container is-layout-flow wp-block-cover-is-layout-flow\">\n<div class=\"wp-block-group is-vertical is-content-justification-center is-layout-flex wp-container-core-group-is-layout-1ad7e85e wp-block-group-is-layout-flex\" style=\"padding-top:40px;padding-right:15%;padding-bottom:40px;padding-left:15%\">\n<h2 class=\"wp-block-heading has-text-align-center\">Cosm\u00e9tiques &amp; parfums<\/h2>\n\n\n\n<p class=\"has-text-align-center\">Des parfums, des savons, des cr\u00e8mes, soigneusement s\u00e9lectionn\u00e9s par la boutique des mus\u00e9es de Grasse.<\/p>\n\n\n\n<div class=\"wp-block-buttons is-content-justification-center is-layout-flex wp-container-core-buttons-is-layout-a89b3969 wp-block-buttons-is-layout-flex\">\n<div class=\"wp-block-button has-custom-font-size is-style-outline is-style-outline--1\" style=\"font-size:1rem\"><a class=\"wp-block-button__link wp-element-button\" href=\"https:\/\/boutiquemip.fr\/index.php\/categorie-produit\/cosmetique-et-parfums\/\">Voir les produits<\/a><\/div>\n<\/div>\n<\/div>\n<\/div><\/div>\n<\/div>\n\n\n\n<hr class=\"wp-block-separator has-alpha-channel-opacity\"\/>\n\n\n\n<div class=\"wp-block-columns alignwide is-layout-flex wp-container-core-columns-is-layout-28f84493 wp-block-columns-is-layout-flex\">\n<div class=\"wp-block-column is-layout-flow wp-block-column-is-layout-flow\">\n<div class=\"wp-block-cover\"><span aria-hidden=\"true\" class=\"wp-block-cover__background has-primary-background-color has-background-dim-70 has-background-dim\"><\/span><img loading=\"lazy\" decoding=\"async\" width=\"950\" height=\"950\" class=\"wp-block-cover__image-background wp-image-3098\" alt=\"\" src=\"http:\/\/boutiquemip.fr\/wp-content\/uploads\/2024\/10\/loto.jpg\" data-object-fit=\"cover\" srcset=\"https:\/\/boutiquemip.fr\/wp-content\/uploads\/2024\/10\/loto.jpg 950w, https:\/\/boutiquemip.fr\/wp-content\/uploads\/2024\/10\/loto-300x300.jpg 300w, https:\/\/boutiquemip.fr\/wp-content\/uploads\/2024\/10\/loto-150x150.jpg 150w, https:\/\/boutiquemip.fr\/wp-content\/uploads\/2024\/10\/loto-768x768.jpg 768w, https:\/\/boutiquemip.fr\/wp-content\/uploads\/2024\/10\/loto-600x600.jpg 600w, https:\/\/boutiquemip.fr\/wp-content\/uploads\/2024\/10\/loto-100x100.jpg 100w\" sizes=\"auto, (max-width: 950px) 100vw, 950px\" \/><div class=\"wp-block-cover__inner-container is-layout-flow wp-block-cover-is-layout-flow\">\n<p class=\"has-text-align-center has-white-color has-text-color has-link-color wp-elements-c1af50b2717d93b0fb47cd601f7bc683\"><strong><a href=\"https:\/\/boutiquemip.fr\/index.php\/categorie-produit\/ludotheque\/\" data-type=\"link\" data-id=\"https:\/\/boutiquemip.fr\/index.php\/categorie-produit\/ludotheque\/\">Ludoth\u00e8que<\/a><\/strong><\/p>\n<\/div><\/div>\n<\/div>\n\n\n\n<div class=\"wp-block-column is-layout-flow wp-block-column-is-layout-flow\">\n<div class=\"wp-block-cover\"><span aria-hidden=\"true\" class=\"wp-block-cover__background has-primary-background-color has-background-dim-70 has-background-dim\"><\/span><img loading=\"lazy\" decoding=\"async\" width=\"950\" height=\"950\" class=\"wp-block-cover__image-background wp-image-3101\" alt=\"\" src=\"http:\/\/boutiquemip.fr\/wp-content\/uploads\/2024\/10\/gastro.jpg\" data-object-fit=\"cover\" srcset=\"https:\/\/boutiquemip.fr\/wp-content\/uploads\/2024\/10\/gastro.jpg 950w, https:\/\/boutiquemip.fr\/wp-content\/uploads\/2024\/10\/gastro-300x300.jpg 300w, https:\/\/boutiquemip.fr\/wp-content\/uploads\/2024\/10\/gastro-150x150.jpg 150w, https:\/\/boutiquemip.fr\/wp-content\/uploads\/2024\/10\/gastro-768x768.jpg 768w, https:\/\/boutiquemip.fr\/wp-content\/uploads\/2024\/10\/gastro-600x600.jpg 600w, https:\/\/boutiquemip.fr\/wp-content\/uploads\/2024\/10\/gastro-100x100.jpg 100w\" sizes=\"auto, (max-width: 950px) 100vw, 950px\" \/><div class=\"wp-block-cover__inner-container is-layout-flow wp-block-cover-is-layout-flow\">\n<p class=\"has-text-align-center has-white-color has-text-color has-link-color wp-elements-16dc261bbfa115621de879a6dad78748\"><strong><a href=\"https:\/\/boutiquemip.fr\/index.php\/categorie-produit\/gastronomie\/\" data-type=\"link\" data-id=\"https:\/\/boutiquemip.fr\/index.php\/categorie-produit\/gastronomie\/\">Gastronomie<\/a><\/strong><\/p>\n<\/div><\/div>\n<\/div>\n\n\n\n<div class=\"wp-block-column is-layout-flow wp-block-column-is-layout-flow\">\n<div class=\"wp-block-cover\"><span aria-hidden=\"true\" class=\"wp-block-cover__background has-background-dim\" style=\"background-color:#4e3f38\"><\/span><img loading=\"lazy\" decoding=\"async\" width=\"950\" height=\"950\" class=\"wp-block-cover__image-background wp-image-527\" alt=\"\" src=\"http:\/\/boutiquemip.fr\/wp-content\/uploads\/2024\/09\/BEN00032-1.jpg\" data-object-fit=\"cover\" srcset=\"https:\/\/boutiquemip.fr\/wp-content\/uploads\/2024\/09\/BEN00032-1.jpg 950w, https:\/\/boutiquemip.fr\/wp-content\/uploads\/2024\/09\/BEN00032-1-300x300.jpg 300w, https:\/\/boutiquemip.fr\/wp-content\/uploads\/2024\/09\/BEN00032-1-150x150.jpg 150w, https:\/\/boutiquemip.fr\/wp-content\/uploads\/2024\/09\/BEN00032-1-768x768.jpg 768w, https:\/\/boutiquemip.fr\/wp-content\/uploads\/2024\/09\/BEN00032-1-600x600.jpg 600w, https:\/\/boutiquemip.fr\/wp-content\/uploads\/2024\/09\/BEN00032-1-100x100.jpg 100w\" sizes=\"auto, (max-width: 950px) 100vw, 950px\" \/><div class=\"wp-block-cover__inner-container is-layout-flow wp-block-cover-is-layout-flow\">\n<p class=\"has-text-align-center has-white-color has-text-color has-link-color wp-elements-0c87ec3edefba533d069d355debba132\"><strong><a href=\"https:\/\/boutiquemip.fr\/index.php\/categorie-produit\/art-de-la-maison\/\" data-type=\"link\" data-id=\"https:\/\/boutiquemip.fr\/index.php\/categorie-produit\/art-de-la-maison\/\">Art de la maison<\/a><\/strong><\/p>\n<\/div><\/div>\n<\/div>\n<\/div>\n\n\n\n<hr class=\"wp-block-separator has-alpha-channel-opacity is-style-wide\"\/>\n\n\n\n<div class=\"wp-block-columns alignwide is-layout-flex wp-container-core-columns-is-layout-28f84493 wp-block-columns-is-layout-flex\">\n<div class=\"wp-block-column is-vertically-aligned-bottom is-layout-flow wp-block-column-is-layout-flow\">\n<div class=\"wp-block-cover alignwide\"><span aria-hidden=\"true\" class=\"wp-block-cover__background has-primary-background-color has-background-dim-60 has-background-dim\"><\/span><img loading=\"lazy\" decoding=\"async\" width=\"1500\" height=\"893\" class=\"wp-block-cover__image-background wp-image-3312\" alt=\"\" src=\"https:\/\/boutiquemip.fr\/wp-content\/uploads\/2024\/11\/AdobeStock_1017162026.jpg\" data-object-fit=\"cover\" srcset=\"https:\/\/boutiquemip.fr\/wp-content\/uploads\/2024\/11\/AdobeStock_1017162026.jpg 1500w, https:\/\/boutiquemip.fr\/wp-content\/uploads\/2024\/11\/AdobeStock_1017162026-300x179.jpg 300w, https:\/\/boutiquemip.fr\/wp-content\/uploads\/2024\/11\/AdobeStock_1017162026-1024x610.jpg 1024w, https:\/\/boutiquemip.fr\/wp-content\/uploads\/2024\/11\/AdobeStock_1017162026-768x457.jpg 768w, https:\/\/boutiquemip.fr\/wp-content\/uploads\/2024\/11\/AdobeStock_1017162026-1320x786.jpg 1320w, https:\/\/boutiquemip.fr\/wp-content\/uploads\/2024\/11\/AdobeStock_1017162026-600x357.jpg 600w\" sizes=\"auto, (max-width: 1500px) 100vw, 1500px\" \/><div class=\"wp-block-cover__inner-container is-layout-flow wp-block-cover-is-layout-flow\">\n<div class=\"wp-block-group is-vertical is-content-justification-center is-layout-flex wp-container-core-group-is-layout-1ad7e85e wp-block-group-is-layout-flex\" style=\"padding-top:40px;padding-right:15%;padding-bottom:40px;padding-left:15%\">\n<h2 class=\"wp-block-heading has-text-align-center has-white-color has-text-color has-link-color wp-elements-b88cf7774bf7f5b633b5e5ee788d3a64\">Parfums d&rsquo;ambiance<br>&amp; Bougies<\/h2>\n\n\n\n<p class=\"has-text-align-center has-white-color has-text-color has-link-color wp-elements-4cb6da18fb7006faee36d4aecee05123\">&#8230; pour parfumer d\u00e9licatement et d\u00e9licieusement vos int\u00e9rieurs.<\/p>\n\n\n\n<div class=\"wp-block-buttons is-content-justification-center is-layout-flex wp-container-core-buttons-is-layout-a89b3969 wp-block-buttons-is-layout-flex\" style=\"border-radius:0px\">\n<div class=\"wp-block-button has-custom-font-size is-style-outline is-style-outline--2\" style=\"font-size:1rem\"><a class=\"wp-block-button__link wp-element-button\" href=\"https:\/\/boutiquemip.fr\/index.php\/categorie-produit\/parfums-dambiance-et-bougies\/\">Voir les produits<\/a><\/div>\n<\/div>\n<\/div>\n<\/div><\/div>\n<\/div>\n\n\n\n<div class=\"wp-block-column is-layout-flow wp-container-core-column-is-layout-a77db08e wp-block-column-is-layout-flow\">\n<div class=\"wp-block-cover\"><span aria-hidden=\"true\" class=\"wp-block-cover__background has-background-dim\"><\/span><img loading=\"lazy\" decoding=\"async\" width=\"950\" height=\"950\" class=\"wp-block-cover__image-background wp-image-526\" alt=\"\" src=\"http:\/\/boutiquemip.fr\/wp-content\/uploads\/2024\/09\/BEN00026-2.jpg\" data-object-fit=\"cover\" srcset=\"https:\/\/boutiquemip.fr\/wp-content\/uploads\/2024\/09\/BEN00026-2.jpg 950w, https:\/\/boutiquemip.fr\/wp-content\/uploads\/2024\/09\/BEN00026-2-300x300.jpg 300w, https:\/\/boutiquemip.fr\/wp-content\/uploads\/2024\/09\/BEN00026-2-150x150.jpg 150w, https:\/\/boutiquemip.fr\/wp-content\/uploads\/2024\/09\/BEN00026-2-768x768.jpg 768w, https:\/\/boutiquemip.fr\/wp-content\/uploads\/2024\/09\/BEN00026-2-600x600.jpg 600w, https:\/\/boutiquemip.fr\/wp-content\/uploads\/2024\/09\/BEN00026-2-100x100.jpg 100w\" sizes=\"auto, (max-width: 950px) 100vw, 950px\" \/><div class=\"wp-block-cover__inner-container is-layout-flow wp-block-cover-is-layout-flow\">\n<div class=\"wp-block-group is-vertical is-content-justification-center is-layout-flex wp-container-core-group-is-layout-1ad7e85e wp-block-group-is-layout-flex\" style=\"padding-top:40px;padding-right:15%;padding-bottom:40px;padding-left:15%\">\n<h2 class=\"wp-block-heading has-text-align-center\">Librairie<\/h2>\n\n\n\n<p class=\"has-text-align-center\">Un choix d&rsquo;ouvrages exclusifs autour de la th\u00e9matique du parfum .<\/p>\n\n\n\n<div class=\"wp-block-buttons is-content-justification-center is-layout-flex wp-container-core-buttons-is-layout-a89b3969 wp-block-buttons-is-layout-flex\">\n<div class=\"wp-block-button has-custom-font-size is-style-outline is-style-outline--3\" style=\"font-size:1rem\"><a class=\"wp-block-button__link wp-element-button\" href=\"https:\/\/boutiquemip.fr\/index.php\/categorie-produit\/librairie\/\">Voir les produits<\/a><\/div>\n<\/div>\n<\/div>\n<\/div><\/div>\n<\/div>\n<\/div>\n\n\n\n<div class=\"wp-block-group alignwide has-grey-background-color has-background is-layout-constrained wp-block-group-is-layout-constrained\">\n<div class=\"wp-block-columns is-layout-flex wp-container-core-columns-is-layout-6885ed49 wp-block-columns-is-layout-flex\">\n<div class=\"wp-block-column is-layout-flow wp-container-core-column-is-layout-6788f7e7 wp-block-column-is-layout-flow\" style=\"padding-bottom:20px\">\n<div class=\"wp-block-cover\"><span aria-hidden=\"true\" class=\"wp-block-cover__background has-background-dim\"><\/span><img loading=\"lazy\" decoding=\"async\" width=\"950\" height=\"950\" class=\"wp-block-cover__image-background wp-image-523\" alt=\"\" src=\"http:\/\/boutiquemip.fr\/wp-content\/uploads\/2024\/09\/BEN00031.jpg\" data-object-fit=\"cover\" srcset=\"https:\/\/boutiquemip.fr\/wp-content\/uploads\/2024\/09\/BEN00031.jpg 950w, https:\/\/boutiquemip.fr\/wp-content\/uploads\/2024\/09\/BEN00031-300x300.jpg 300w, https:\/\/boutiquemip.fr\/wp-content\/uploads\/2024\/09\/BEN00031-150x150.jpg 150w, https:\/\/boutiquemip.fr\/wp-content\/uploads\/2024\/09\/BEN00031-768x768.jpg 768w, https:\/\/boutiquemip.fr\/wp-content\/uploads\/2024\/09\/BEN00031-600x600.jpg 600w, https:\/\/boutiquemip.fr\/wp-content\/uploads\/2024\/09\/BEN00031-100x100.jpg 100w\" sizes=\"auto, (max-width: 950px) 100vw, 950px\" \/><div class=\"wp-block-cover__inner-container is-layout-flow wp-block-cover-is-layout-flow\">\n<p class=\"has-text-align-center has-large-font-size\">Accessoire &amp; Mode<\/p>\n\n\n\n<div class=\"wp-block-buttons is-content-justification-center is-layout-flex wp-container-core-buttons-is-layout-a89b3969 wp-block-buttons-is-layout-flex\">\n<div class=\"wp-block-button is-style-outline is-style-outline--4\"><a class=\"wp-block-button__link wp-element-button\" href=\"https:\/\/boutiquemip.fr\/index.php\/categorie-produit\/accessoire-mode\/\">Voir les produits<\/a><\/div>\n<\/div>\n<\/div><\/div>\n<\/div>\n\n\n\n<div class=\"wp-block-column is-layout-flow wp-container-core-column-is-layout-6788f7e7 wp-block-column-is-layout-flow\" style=\"padding-bottom:20px\">\n<div class=\"wp-block-cover\"><span aria-hidden=\"true\" class=\"wp-block-cover__background has-background-dim\"><\/span><img loading=\"lazy\" decoding=\"async\" width=\"950\" height=\"950\" class=\"wp-block-cover__image-background wp-image-2797\" alt=\"\" src=\"http:\/\/boutiquemip.fr\/wp-content\/uploads\/2024\/09\/BEN00030-1.jpg\" data-object-fit=\"cover\" srcset=\"https:\/\/boutiquemip.fr\/wp-content\/uploads\/2024\/09\/BEN00030-1.jpg 950w, https:\/\/boutiquemip.fr\/wp-content\/uploads\/2024\/09\/BEN00030-1-300x300.jpg 300w, https:\/\/boutiquemip.fr\/wp-content\/uploads\/2024\/09\/BEN00030-1-150x150.jpg 150w, https:\/\/boutiquemip.fr\/wp-content\/uploads\/2024\/09\/BEN00030-1-768x768.jpg 768w, https:\/\/boutiquemip.fr\/wp-content\/uploads\/2024\/09\/BEN00030-1-600x600.jpg 600w, https:\/\/boutiquemip.fr\/wp-content\/uploads\/2024\/09\/BEN00030-1-100x100.jpg 100w\" sizes=\"auto, (max-width: 950px) 100vw, 950px\" \/><div class=\"wp-block-cover__inner-container is-layout-flow wp-block-cover-is-layout-flow\">\n<p class=\"has-text-align-center has-large-font-size\">Papeterie, Carterie, Affiches<\/p>\n\n\n\n<div class=\"wp-block-buttons is-content-justification-center is-layout-flex wp-container-core-buttons-is-layout-a89b3969 wp-block-buttons-is-layout-flex\">\n<div class=\"wp-block-button is-style-outline is-style-outline--5\"><a class=\"wp-block-button__link wp-element-button\" href=\"https:\/\/boutiquemip.fr\/index.php\/categorie-produit\/papeterie-carterie-affiches\/\">Voir les produits<\/a><\/div>\n<\/div>\n<\/div><\/div>\n<\/div>\n<\/div>\n<\/div>\n\n\n\n<div class=\"wp-block-cover alignfull is-light has-custom-content-position is-position-bottom-center\" style=\"padding-top:50px;padding-bottom:50px;min-height:364px;aspect-ratio:unset;\"><span aria-hidden=\"true\" class=\"wp-block-cover__background has-lite-background-color has-background-dim\"><\/span><div class=\"wp-block-cover__inner-container is-layout-constrained wp-block-cover-is-layout-constrained\">\n<div class=\"wp-block-group is-layout-constrained wp-container-core-group-is-layout-458a7336 wp-block-group-is-layout-constrained\">\n<h1 class=\"wp-block-heading has-text-align-center has-large-font-size\">Tout l&rsquo;Esprit du Mus\u00e9e International de la Parfumerie<\/h1>\n\n\n\n<div class=\"wp-block-group is-layout-constrained wp-container-core-group-is-layout-9a2a620d wp-block-group-is-layout-constrained\">\n<p class=\"has-text-align-center has-medium-font-size\">Dans une collection unique de produits de qualit\u00e9&#8230;<\/p>\n<\/div>\n\n\n\n<div style=\"height:20px\" aria-hidden=\"true\" class=\"wp-block-spacer\"><\/div>\n<\/div>\n<\/div><\/div>\n","protected":false},"excerpt":{"rendered":"","protected":false},"author":1,"featured_media":0,"parent":0,"menu_order":0,"comment_status":"closed","ping_status":"closed","template":"page-blank","meta":{"footnotes":""},"class_list":["post-1906","page","type-page","status-publish","hentry"],"jetpack_sharing_enabled":true,"_links":{"self":[{"href":"https:\/\/boutiquemip.fr\/index.php\/wp-json\/wp\/v2\/pages\/1906","targetHints":{"allow":["GET"]}}],"collection":[{"href":"https:\/\/boutiquemip.fr\/index.php\/wp-json\/wp\/v2\/pages"}],"about":[{"href":"https:\/\/boutiquemip.fr\/index.php\/wp-json\/wp\/v2\/types\/page"}],"author":[{"embeddable":true,"href":"https:\/\/boutiquemip.fr\/index.php\/wp-json\/wp\/v2\/users\/1"}],"replies":[{"embeddable":true,"href":"https:\/\/boutiquemip.fr\/index.php\/wp-json\/wp\/v2\/comments?post=1906"}],"version-history":[{"count":19,"href":"https:\/\/boutiquemip.fr\/index.php\/wp-json\/wp\/v2\/pages\/1906\/revisions"}],"predecessor-version":[{"id":3320,"href":"https:\/\/boutiquemip.fr\/index.php\/wp-json\/wp\/v2\/pages\/1906\/revisions\/3320"}],"wp:attachment":[{"href":"https:\/\/boutiquemip.fr\/index.php\/wp-json\/wp\/v2\/media?parent=1906"}],"curies":[{"name":"wp","href":"https:\/\/api.w.org\/{rel}","templated":true}]}}